{"id":1300,"date":"2018-06-01T11:50:25","date_gmt":"2018-06-01T11:50:25","guid":{"rendered":"http:\/\/dalia.elated-themes.com\/?page_id=1300"},"modified":"2025-09-04T13:59:28","modified_gmt":"2025-09-04T13:59:28","slug":"anarma-adzic-akademija","status":"publish","type":"page","link":"https:\/\/anarma-adzic-akademija.si\/en\/anarma-adzic-akademija\/","title":{"rendered":"About me"},"content":{"rendered":"<div class=\"eltdf-row-grid-section-wrapper\"  ><div class=\"eltdf-row-grid-section\"><div class=\"vc_row wpb_row vc_row-fluid vc_custom_1529581602711\" ><div class=\"wpb_column vc_column_container vc_col-sm-12\"><div class=\"vc_column-inner\"><div class=\"wpb_wrapper\"><div class=\"eltdf-section-title-holder  eltdf-st-standard eltdf-st-title-left\" style=\"text-align: center\">\n\t<div class=\"eltdf-st-inner\">\n\t\t\t\t\t\t\t<h2 class=\"eltdf-st-title\" style=\"color: #d1b5a7\">\n\t\t\t\tABOUT ME\t\t\t<\/h2>\n\t\t\t\t\t\t\t<p class=\"eltdf-st-text\" >\n\t\t\t\tThe art of beauty is in the details and professionalism, because perfection is not an accident but the result of knowledge, experience and love for the work you do.\t\t\t<\/p>\n\t\t\t<\/div>\n<\/div><\/div><\/div><\/div><\/div><\/div><\/div><div class=\"eltdf-row-grid-section-wrapper\"  ><div class=\"eltdf-row-grid-section\"><div class=\"vc_row wpb_row vc_row-fluid vc_custom_1527856421073\" ><div class=\"wpb_column vc_column_container vc_col-sm-12\"><div class=\"vc_column-inner\"><div class=\"wpb_wrapper\"><div class=\"eltdf-elements-holder   eltdf-one-column  eltdf-responsive-mode-768\" ><div class=\"eltdf-eh-item\"  data-item-class=\"eltdf-eh-custom-4716\">\n\t<div class=\"eltdf-eh-item-inner\">\n\t\t<div class=\"eltdf-eh-item-content eltdf-eh-custom-4716\" style=\"padding: 0px 0px 0px 40px\">\n\t\t\t<div class=\"eltdf-single-image-holder\">\n    <div class=\"eltdf-si-inner\" >\n                                                            <\/div>\n<\/div><div class=\"eltdf-team-holder eltdf-team-info-below-image\">\n\t<div class=\"eltdf-team-inner\">\n\t\t\t\t\t<a itemprop=\"url\" href=\"#\" target=\"_blank\">\n\t\t\t\t\t\t\t<div class=\"eltdf-team-image\">\n                <img loading=\"lazy\" decoding=\"async\" width=\"1707\" height=\"2560\" src=\"https:\/\/anarma-adzic-akademija.si\/wpaa\/wp-content\/uploads\/2025\/01\/vanifoto-943-Edit-scaled.jpg\" class=\"attachment-full size-full\" alt=\"\" srcset=\"https:\/\/anarma-adzic-akademija.si\/wpaa\/wp-content\/uploads\/2025\/01\/vanifoto-943-Edit-scaled.jpg 1707w, https:\/\/anarma-adzic-akademija.si\/wpaa\/wp-content\/uploads\/2025\/01\/vanifoto-943-Edit-200x300.jpg 200w, https:\/\/anarma-adzic-akademija.si\/wpaa\/wp-content\/uploads\/2025\/01\/vanifoto-943-Edit-683x1024.jpg 683w, https:\/\/anarma-adzic-akademija.si\/wpaa\/wp-content\/uploads\/2025\/01\/vanifoto-943-Edit-768x1152.jpg 768w, https:\/\/anarma-adzic-akademija.si\/wpaa\/wp-content\/uploads\/2025\/01\/vanifoto-943-Edit-1024x1536.jpg 1024w, https:\/\/anarma-adzic-akademija.si\/wpaa\/wp-content\/uploads\/2025\/01\/vanifoto-943-Edit-1365x2048.jpg 1365w\" sizes=\"auto, (max-width: 1707px) 100vw, 1707px\" \/>\t\t\t<\/div>\n\t\t\t\t\t\t\t<\/a>\n\t\t\t\t<div class=\"eltdf-team-info\">\n\t\t\t\t\t\t\t<span class=\"eltdf-team-position\" style=\"color: #848484\">ARTIST<\/span>\n\t\t\t\t\t\t\t\t\t\t<h4 class=\"eltdf-team-name\" style=\"color: #2d2d2d\">ANARMA ADZIC<\/h4>\n\t\t\t\t\t\t\t\t\t\t<p class=\"eltdf-team-text\" >Anarma believes that a great mentor must prove his or her knowledge in practice. That's why, in addition to running high-quality training programmes, she continues to personally deliver the most demanding services in eyelash extensions, eyebrow shaping and permanent make-up. Her mastery is confirmed by her numerous wins in international competitions in the lash and brow categories, which have earned her recognition as one of the industry's leading experts. As a speaker at prestigious conferences, she shares her wealth of knowledge and experience with professionals around the world and is frequently invited to judge beauty competitions, where she sets high standards with her meticulous eye and expertise. Her innovation and exceptional skills have earned her widespread respect in the industry and the trust of her students. She works with the world's leading experts in the beauty industry and always keeps abreast of the latest trends. Her commitment to quality is evident both in her work with clients and in her mentoring of new talent. Despite her impressive achievements, she remains genuine and approachable, as evidenced by the many positive testimonials from her students and clients. Students describe her as a career-changing mentor, while clients admire her precision and professionalism. With her unique combination of professionalism, charisma and empathy, Anarma creates an environment where prestige meets warmth. To work with her is to work with the best - a mentor who will guide you towards success, and an artist who understands that true beauty is in the confidence and satisfaction of her clients. If you're looking for inspiration, knowledge and top results, Anarma's vision will motivate you to exceed expectations and shine in the beauty industry.<\/p>\n\t\t\t\t\t\t\t\t<\/div>\n\t<\/div>\n<\/div><div class=\"vc_empty_space\"   style=\"height: 55px\"><span class=\"vc_empty_space_inner\"><\/span><\/div>\t\t<\/div>\n\t<\/div>\n<\/div><\/div><\/div><\/div><\/div><\/div><\/div><\/div>","protected":false},"excerpt":{"rendered":"O MENI Umetnost lepote je v detajlih in strokovnosti, saj popolnost ni naklju\u010dje ampak rezultat znanja, izku\u0161enj in ljubezni do dela, ki ga opravlja\u0161. ARTIST ANARMA ADZIC Anarma verjame, da mora odli\u010den mentor svoje znanje dokazati v praksi. Zato poleg vodenja visokokakovostnih izobra\u017eevalnih programov \u0161e vedno osebno izvaja najzahtevnej\u0161e storitve na podro\u010dju podalj\u0161evanja trepalnic, oblikovanja obrvi in permanentnega makeupa. Njeno mojstrstvo potrjujejo \u0161tevilne zmage na mednarodnih tekmovanjih v kategorijah trepalnic in obrvi, kar ji je prineslo priznanje kot eni vodilnih strokovnjakinj v industriji. Kot govorka na presti\u017enih konferencah svoje bogato znanje in izku\u0161nje deli s strokovnjaki po vsem svetu ter je pogosto vabljena kot sodnica na lepotnih tekmovanjih, kjer s svojim natan\u010dnim o\u010desom in strokovnostjo postavlja visoke standarde. Njena inovativnost in izjemne spretnosti so ji prinesle \u0161iroko spo\u0161tovanje v industriji in zaupanje njenih \u0161tudentov. Sodeluje z vodilnimi svetovnimi strokovnjaki v lepotni industriji in je vedno v koraku z najnovej\u0161imi trendi. Njena predanost kakovosti je vidna tako pri delu s strankami kot pri mentorstvu novih talentov. Kljub svojim impresivnim dose\u017ekom ostaja pristna in dostopna, kar potrjujejo \u0161tevilna pozitivna mnenja njenih \u0161tudentov in strank. \u0160tudenti jo opisujejo kot mentorico, ki jim je spremenila kariero, medtem ko stranke ob\u010dudujejo njeno izjemno natan\u010dnost in profesionalnost. Z edinstveno kombinacijo strokovnosti, karizme in empatije Anarma ustvarja okolje, kjer se presti\u017e sre\u010da s toplino. Sodelovanje z njo pomeni sodelovanje z najbolj\u0161imi \u2013 z mentorico, ki vas bo usmerjala proti uspehu, in umetnico, ki razume, da je prava lepota v samozavesti in zadovoljstvu strank. \u010ce i\u0161\u010dete navdih, znanje in vrhunske rezultate, vas bo Anarmina vizija motivirala, da prese\u017eete pri\u010dakovanja in zasijete v lepotni industriji.","protected":false},"author":1,"featured_media":5491,"parent":0,"menu_order":0,"comment_status":"closed","ping_status":"closed","template":"full-width.php","meta":{"footnotes":""},"class_list":["post-1300","page","type-page","status-publish","has-post-thumbnail","hentry"],"yoast_head":"<!-- This site is optimized with the Yoast SEO plugin v24.3 - https:\/\/yoast.com\/wordpress\/plugins\/seo\/ -->\n<title>O meni - Akademija Anarma Ad\u017ei\u0107<\/title>\n<meta name=\"description\" content=\"Spoznajte Anarmo Ad\u017ei\u0107, strokovnjakinjo za podalj\u0161evanje trepalnic in ustanoviteljico Anarma Ad\u017ei\u0107 Akademije. Izku\u0161nje, strokovnost in predanost lepoti.\" \/>\n<meta name=\"robots\" content=\"index, follow, max-snippet:-1, max-image-preview:large, max-video-preview:-1\" \/>\n<link rel=\"canonical\" href=\"https:\/\/anarma-adzic-akademija.si\/en\/anarma-adzic-akademija\/\" \/>\n<meta property=\"og:locale\" content=\"en_GB\" \/>\n<meta property=\"og:type\" content=\"article\" \/>\n<meta property=\"og:title\" content=\"O meni - Akademija Anarma Ad\u017ei\u0107\" \/>\n<meta property=\"og:description\" content=\"Spoznajte Anarmo Ad\u017ei\u0107, strokovnjakinjo za podalj\u0161evanje trepalnic in ustanoviteljico Anarma Ad\u017ei\u0107 Akademije. Izku\u0161nje, strokovnost in predanost lepoti.\" \/>\n<meta property=\"og:url\" content=\"https:\/\/anarma-adzic-akademija.si\/en\/anarma-adzic-akademija\/\" \/>\n<meta property=\"og:site_name\" content=\"Akademija Anarma Ad\u017ei\u0107\" \/>\n<meta property=\"article:modified_time\" content=\"2025-09-04T13:59:28+00:00\" \/>\n<meta property=\"og:image\" content=\"https:\/\/anarma-adzic-akademija.si\/wpaa\/wp-content\/uploads\/2024\/07\/vanifoto-730-Edit-scaled.jpg\" \/>\n\t<meta property=\"og:image:width\" content=\"1707\" \/>\n\t<meta property=\"og:image:height\" content=\"2560\" \/>\n\t<meta property=\"og:image:type\" content=\"image\/jpeg\" \/>\n<meta name=\"twitter:card\" content=\"summary_large_image\" \/>\n<meta name=\"twitter:label1\" content=\"Estimated reading time\" \/>\n\t<meta name=\"twitter:data1\" content=\"2 minutes\" \/>\n<script type=\"application\/ld+json\" class=\"yoast-schema-graph\">{\"@context\":\"https:\/\/schema.org\",\"@graph\":[{\"@type\":\"WebPage\",\"@id\":\"https:\/\/anarma-adzic-akademija.si\/anarma-adzic-akademija\/\",\"url\":\"https:\/\/anarma-adzic-akademija.si\/anarma-adzic-akademija\/\",\"name\":\"O meni - Akademija Anarma Ad\u017ei\u0107\",\"isPartOf\":{\"@id\":\"https:\/\/anarma-adzic-akademija.si\/#website\"},\"primaryImageOfPage\":{\"@id\":\"https:\/\/anarma-adzic-akademija.si\/anarma-adzic-akademija\/#primaryimage\"},\"image\":{\"@id\":\"https:\/\/anarma-adzic-akademija.si\/anarma-adzic-akademija\/#primaryimage\"},\"thumbnailUrl\":\"https:\/\/anarma-adzic-akademija.si\/wpaa\/wp-content\/uploads\/2024\/07\/vanifoto-730-Edit-scaled.jpg\",\"datePublished\":\"2018-06-01T11:50:25+00:00\",\"dateModified\":\"2025-09-04T13:59:28+00:00\",\"description\":\"Spoznajte Anarmo Ad\u017ei\u0107, strokovnjakinjo za podalj\u0161evanje trepalnic in ustanoviteljico Anarma Ad\u017ei\u0107 Akademije. Izku\u0161nje, strokovnost in predanost lepoti.\",\"breadcrumb\":{\"@id\":\"https:\/\/anarma-adzic-akademija.si\/anarma-adzic-akademija\/#breadcrumb\"},\"inLanguage\":\"en-GB\",\"potentialAction\":[{\"@type\":\"ReadAction\",\"target\":[\"https:\/\/anarma-adzic-akademija.si\/anarma-adzic-akademija\/\"]}]},{\"@type\":\"ImageObject\",\"inLanguage\":\"en-GB\",\"@id\":\"https:\/\/anarma-adzic-akademija.si\/anarma-adzic-akademija\/#primaryimage\",\"url\":\"https:\/\/anarma-adzic-akademija.si\/wpaa\/wp-content\/uploads\/2024\/07\/vanifoto-730-Edit-scaled.jpg\",\"contentUrl\":\"https:\/\/anarma-adzic-akademija.si\/wpaa\/wp-content\/uploads\/2024\/07\/vanifoto-730-Edit-scaled.jpg\",\"width\":1707,\"height\":2560},{\"@type\":\"BreadcrumbList\",\"@id\":\"https:\/\/anarma-adzic-akademija.si\/anarma-adzic-akademija\/#breadcrumb\",\"itemListElement\":[{\"@type\":\"ListItem\",\"position\":1,\"name\":\"Home\",\"item\":\"https:\/\/anarma-adzic-akademija.si\/\"},{\"@type\":\"ListItem\",\"position\":2,\"name\":\"O meni\"}]},{\"@type\":\"WebSite\",\"@id\":\"https:\/\/anarma-adzic-akademija.si\/#website\",\"url\":\"https:\/\/anarma-adzic-akademija.si\/\",\"name\":\"Akademija Anarma Ad\u017ei\u0107\",\"description\":\"Podalj\u0161evanje trepalnic\",\"publisher\":{\"@id\":\"https:\/\/anarma-adzic-akademija.si\/#\/schema\/person\/8f17e81eca7fa443d53a1dee1c2d45de\"},\"potentialAction\":[{\"@type\":\"SearchAction\",\"target\":{\"@type\":\"EntryPoint\",\"urlTemplate\":\"https:\/\/anarma-adzic-akademija.si\/?s={search_term_string}\"},\"query-input\":{\"@type\":\"PropertyValueSpecification\",\"valueRequired\":true,\"valueName\":\"search_term_string\"}}],\"inLanguage\":\"en-GB\"},{\"@type\":[\"Person\",\"Organization\"],\"@id\":\"https:\/\/anarma-adzic-akademija.si\/#\/schema\/person\/8f17e81eca7fa443d53a1dee1c2d45de\",\"name\":\"Anarma Adzic\",\"image\":{\"@type\":\"ImageObject\",\"inLanguage\":\"en-GB\",\"@id\":\"https:\/\/anarma-adzic-akademija.si\/#\/schema\/person\/image\/\",\"url\":\"https:\/\/secure.gravatar.com\/avatar\/9699f1fc675dc916d820e5e4bc053ab4c1641831e31179154ca1d73fabd36751?s=96&d=mm&r=g\",\"contentUrl\":\"https:\/\/secure.gravatar.com\/avatar\/9699f1fc675dc916d820e5e4bc053ab4c1641831e31179154ca1d73fabd36751?s=96&d=mm&r=g\",\"caption\":\"Anarma Adzic\"},\"logo\":{\"@id\":\"https:\/\/anarma-adzic-akademija.si\/#\/schema\/person\/image\/\"}}]}<\/script>\n<!-- \/ Yoast SEO plugin. -->","yoast_head_json":{"title":"O meni - Akademija Anarma Ad\u017ei\u0107","description":"Spoznajte Anarmo Ad\u017ei\u0107, strokovnjakinjo za podalj\u0161evanje trepalnic in ustanoviteljico Anarma Ad\u017ei\u0107 Akademije. Izku\u0161nje, strokovnost in predanost lepoti.","robots":{"index":"index","follow":"follow","max-snippet":"max-snippet:-1","max-image-preview":"max-image-preview:large","max-video-preview":"max-video-preview:-1"},"canonical":"https:\/\/anarma-adzic-akademija.si\/en\/anarma-adzic-akademija\/","og_locale":"en_GB","og_type":"article","og_title":"O meni - Akademija Anarma Ad\u017ei\u0107","og_description":"Spoznajte Anarmo Ad\u017ei\u0107, strokovnjakinjo za podalj\u0161evanje trepalnic in ustanoviteljico Anarma Ad\u017ei\u0107 Akademije. Izku\u0161nje, strokovnost in predanost lepoti.","og_url":"https:\/\/anarma-adzic-akademija.si\/en\/anarma-adzic-akademija\/","og_site_name":"Akademija Anarma Ad\u017ei\u0107","article_modified_time":"2025-09-04T13:59:28+00:00","og_image":[{"width":1707,"height":2560,"url":"https:\/\/anarma-adzic-akademija.si\/wpaa\/wp-content\/uploads\/2024\/07\/vanifoto-730-Edit-scaled.jpg","type":"image\/jpeg"}],"twitter_card":"summary_large_image","twitter_misc":{"Estimated reading time":"2 minutes"},"schema":{"@context":"https:\/\/schema.org","@graph":[{"@type":"WebPage","@id":"https:\/\/anarma-adzic-akademija.si\/anarma-adzic-akademija\/","url":"https:\/\/anarma-adzic-akademija.si\/anarma-adzic-akademija\/","name":"O meni - Akademija Anarma Ad\u017ei\u0107","isPartOf":{"@id":"https:\/\/anarma-adzic-akademija.si\/#website"},"primaryImageOfPage":{"@id":"https:\/\/anarma-adzic-akademija.si\/anarma-adzic-akademija\/#primaryimage"},"image":{"@id":"https:\/\/anarma-adzic-akademija.si\/anarma-adzic-akademija\/#primaryimage"},"thumbnailUrl":"https:\/\/anarma-adzic-akademija.si\/wpaa\/wp-content\/uploads\/2024\/07\/vanifoto-730-Edit-scaled.jpg","datePublished":"2018-06-01T11:50:25+00:00","dateModified":"2025-09-04T13:59:28+00:00","description":"Spoznajte Anarmo Ad\u017ei\u0107, strokovnjakinjo za podalj\u0161evanje trepalnic in ustanoviteljico Anarma Ad\u017ei\u0107 Akademije. Izku\u0161nje, strokovnost in predanost lepoti.","breadcrumb":{"@id":"https:\/\/anarma-adzic-akademija.si\/anarma-adzic-akademija\/#breadcrumb"},"inLanguage":"en-GB","potentialAction":[{"@type":"ReadAction","target":["https:\/\/anarma-adzic-akademija.si\/anarma-adzic-akademija\/"]}]},{"@type":"ImageObject","inLanguage":"en-GB","@id":"https:\/\/anarma-adzic-akademija.si\/anarma-adzic-akademija\/#primaryimage","url":"https:\/\/anarma-adzic-akademija.si\/wpaa\/wp-content\/uploads\/2024\/07\/vanifoto-730-Edit-scaled.jpg","contentUrl":"https:\/\/anarma-adzic-akademija.si\/wpaa\/wp-content\/uploads\/2024\/07\/vanifoto-730-Edit-scaled.jpg","width":1707,"height":2560},{"@type":"BreadcrumbList","@id":"https:\/\/anarma-adzic-akademija.si\/anarma-adzic-akademija\/#breadcrumb","itemListElement":[{"@type":"ListItem","position":1,"name":"Home","item":"https:\/\/anarma-adzic-akademija.si\/"},{"@type":"ListItem","position":2,"name":"O meni"}]},{"@type":"WebSite","@id":"https:\/\/anarma-adzic-akademija.si\/#website","url":"https:\/\/anarma-adzic-akademija.si\/","name":"Anarma Ad\u017ei\u0107 Academy","description":"Eyelash extensions","publisher":{"@id":"https:\/\/anarma-adzic-akademija.si\/#\/schema\/person\/8f17e81eca7fa443d53a1dee1c2d45de"},"potentialAction":[{"@type":"SearchAction","target":{"@type":"EntryPoint","urlTemplate":"https:\/\/anarma-adzic-akademija.si\/?s={search_term_string}"},"query-input":{"@type":"PropertyValueSpecification","valueRequired":true,"valueName":"search_term_string"}}],"inLanguage":"en-GB"},{"@type":["Person","Organization"],"@id":"https:\/\/anarma-adzic-akademija.si\/#\/schema\/person\/8f17e81eca7fa443d53a1dee1c2d45de","name":"Anarma Adzic","image":{"@type":"ImageObject","inLanguage":"en-GB","@id":"https:\/\/anarma-adzic-akademija.si\/#\/schema\/person\/image\/","url":"https:\/\/secure.gravatar.com\/avatar\/9699f1fc675dc916d820e5e4bc053ab4c1641831e31179154ca1d73fabd36751?s=96&d=mm&r=g","contentUrl":"https:\/\/secure.gravatar.com\/avatar\/9699f1fc675dc916d820e5e4bc053ab4c1641831e31179154ca1d73fabd36751?s=96&d=mm&r=g","caption":"Anarma Adzic"},"logo":{"@id":"https:\/\/anarma-adzic-akademija.si\/#\/schema\/person\/image\/"}}]}},"_links":{"self":[{"href":"https:\/\/anarma-adzic-akademija.si\/en\/wp-json\/wp\/v2\/pages\/1300","targetHints":{"allow":["GET"]}}],"collection":[{"href":"https:\/\/anarma-adzic-akademija.si\/en\/wp-json\/wp\/v2\/pages"}],"about":[{"href":"https:\/\/anarma-adzic-akademija.si\/en\/wp-json\/wp\/v2\/types\/page"}],"author":[{"embeddable":true,"href":"https:\/\/anarma-adzic-akademija.si\/en\/wp-json\/wp\/v2\/users\/1"}],"replies":[{"embeddable":true,"href":"https:\/\/anarma-adzic-akademija.si\/en\/wp-json\/wp\/v2\/comments?post=1300"}],"version-history":[{"count":0,"href":"https:\/\/anarma-adzic-akademija.si\/en\/wp-json\/wp\/v2\/pages\/1300\/revisions"}],"wp:featuredmedia":[{"embeddable":true,"href":"https:\/\/anarma-adzic-akademija.si\/en\/wp-json\/wp\/v2\/media\/5491"}],"wp:attachment":[{"href":"https:\/\/anarma-adzic-akademija.si\/en\/wp-json\/wp\/v2\/media?parent=1300"}],"curies":[{"name":"wp","href":"https:\/\/api.w.org\/{rel}","templated":true}]}}