{"id":5962,"date":"2025-06-22T10:33:55","date_gmt":"2025-06-22T10:33:55","guid":{"rendered":"https:\/\/anarma-adzic-akademija.si\/?page_id=5962"},"modified":"2025-06-22T10:34:31","modified_gmt":"2025-06-22T10:34:31","slug":"splosni-pogoji-poslovanja","status":"publish","type":"page","link":"https:\/\/anarma-adzic-akademija.si\/en\/splosni-pogoji-poslovanja\/","title":{"rendered":"General Terms and Conditions"},"content":{"rendered":"<div class=\"eltdf-row-grid-section-wrapper\"  ><div class=\"eltdf-row-grid-section\"><div class=\"vc_row wpb_row vc_row-fluid vc_custom_1738141608010 vc_row-has-fill vc_row-o-full-height vc_row-o-columns-middle vc_row-flex eltdf-row-appearance\" ><div class=\"wpb_column vc_column_container vc_col-sm-12\"><div class=\"vc_column-inner\"><div class=\"wpb_wrapper\"><div class=\"eltdf-elements-holder   eltdf-one-column  eltdf-responsive-mode-768\" ><div class=\"eltdf-eh-item\"  data-item-class=\"eltdf-eh-custom-8950\" data-1367-1600=\"33px 0% 0px 0%\" data-1025-1366=\"33px 0% 0px 0%\" data-769-1024=\"0px 0% 0px 0%\" data-681-768=\"0px 0% 100px 0%\" data-680=\"0px 0% 0px 0%\">\n\t<div class=\"eltdf-eh-item-inner\">\n\t\t<div class=\"eltdf-eh-item-content eltdf-eh-custom-8950\" style=\"padding: 80px 0% 0px 0%\">\n\t\t\t<div class=\"eltdf-section-title-holder  eltdf-st-standard eltdf-st-title-left\" >\n\t<div class=\"eltdf-st-inner\">\n\t\t\t\t\t\t\t<h2 class=\"eltdf-st-title\" style=\"color: #d1b5a7\">\n\t\t\t\tGeneral Terms and Conditions\t\t\t<\/h2>\n\t\t\t\t\t<\/div>\n<\/div><div class=\"vc_empty_space\"   style=\"height: 32px\"><span class=\"vc_empty_space_inner\"><\/span><\/div>\n\t<div class=\"wpb_text_column wpb_content_element\" >\n\t\t<div class=\"wpb_wrapper\">\n\t\t\t<div>1. General<\/div>\n<div><\/div>\n<div>These General Terms and Conditions apply to all users of the company-owned website www.anarma-adzic-akademija.si:<\/div>\n<div><\/div>\n<div>Anarma Adzic, s.p.<\/div>\n<div>Beauty services and stylist training<\/div>\n<div>Reagentova ulica 2B<\/div>\n<div>6280 Ankaran - Ancarano<\/div>\n<div>Registration number: 8112142000<\/div>\n<div>Tax ID: 41335384<\/div>\n<div>TRR: SI56 3300 0001 3275 120 (Addiko banka)<\/div>\n<div>(VAT taxable: NO)<\/div>\n<div>E-mail: info@anarma-adzic-akademija.si<\/div>\n<div>Telephone: 070682301<\/div>\n<div><\/div>\n<div>By using this website, the user acknowledges that he\/she has read, understood and agrees to these terms and conditions.<\/div>\n<div><\/div>\n<div>\u2e3b<\/div>\n<div><\/div>\n<div>2. Description of services<\/div>\n<div><\/div>\n<div>The website presents services and training in the field of cosmetics, such as:<\/div>\n<div>-eyelash extensions,<\/div>\n<div>-eye lash curler,<\/div>\n<div>-lamination of the eyebrows,<\/div>\n<div>-permanent make-up,<\/div>\n<div>-individual and group training.<\/div>\n<div><\/div>\n<div>All information is for information purposes only and is subject to change without notice.<\/div>\n<div><\/div>\n<div>\u2e3b<\/div>\n<div><\/div>\n<div>3. Ordering and payment<\/div>\n<div><\/div>\n<div>The booking process takes place via email, contact form or social media. Once the appointment is confirmed, the customer receives all the payment details.<\/div>\n<div><\/div>\n<div>Payment methods:<\/div>\n<div>-TRR reference,<\/div>\n<div>-payment by arrangement (in certain cases).<\/div>\n<div><\/div>\n<div>Registration for a course is only confirmed once payment (in full or in the first instalment) has been received. This also reserves the date.<\/div>\n<div><\/div>\n<div>\u2e3b<\/div>\n<div><\/div>\n<div>4. Cancellation, rescheduling and refund<\/div>\n<div>-A party can cancel free of charge at least 14 days before the start of the course. In this case, the participant may opt for a full refund or transfer the registration to another date.<\/div>\n<div>-If cancellation is made less than 14 days before the start of the course, or if the client does not attend the course without prior cancellation, the fee is non-refundable, except in cases of force majeure (e.g. confirmed illness, on presentation of appropriate proof).<\/div>\n<div>-In case of force majeure on the part of the Contractor (e.g. illness, unforeseen circumstances), the Contractor reserves the right to change the dates. In this case, no refund will be made and the client will be offered an equivalent alternative date.<\/div>\n<div><\/div>\n<div>\u2e3b<\/div>\n<div><\/div>\n<div>5. Intellectual property<\/div>\n<div><\/div>\n<div>All content on the website (text, images, logos, educational materials) is copyrighted and owned by Anarma Ad\u017ei\u0107, s.p.<\/div>\n<div>Any copying, distribution or commercial use without written permission is prohibited.<\/div>\n<div><\/div>\n<div>\u2e3b<\/div>\n<div><\/div>\n<div>6. Protection of personal data<\/div>\n<div><\/div>\n<div>Anarma Ad\u017ei\u0107, s.p. respects your privacy and complies with the applicable legislation on the protection of personal data (GDPR, ZVOP-2).<\/div>\n<div>-The personal data provided by users at the time of registration or enquiry is used exclusively for communication, service provision and invoicing.<\/div>\n<div>-Data is not passed on to third parties, except where required by law.<\/div>\n<div>-The user has the right to access, rectify or delete his\/her data at any time.<\/div>\n<div><\/div>\n<div>\u2e3b<\/div>\n<div><\/div>\n<div>7. Cookies<\/div>\n<div><\/div>\n<div>This website uses cookies to improve the user experience. The first time the user visits the website, they will receive a notification about the use of cookies.<\/div>\n<div>By continuing to use the website, you will be deemed to have accepted this.<\/div>\n<div>More information will be published in a separate Cookie Policy.<\/div>\n<div><\/div>\n<div>\u2e3b<\/div>\n<div><\/div>\n<div>8. Dispute resolution<\/div>\n<div><\/div>\n<div>The Parties shall endeavour to resolve any disputes amicably.<\/div>\n<div>If this is not possible, the District Court in Koper will have jurisdiction to settle disputes.<\/div>\n<div><\/div>\n<div>\u2e3b<\/div>\n<div><\/div>\n<div>9. Changes to the General Terms and Conditions<\/div>\n<div><\/div>\n<div>Anarma Ad\u017ei\u0107, s.p. reserves the right to change these General Terms and Conditions without prior notice.<\/div>\n<div>The amendments shall enter into force upon their publication on the website.<\/div>\n<div><\/div>\n<div>\u2e3b<\/div>\n<div><\/div>\n<div>Last update: 22.06.2025<\/div>\n\n\t\t<\/div>\n\t<\/div>\n\t\t<\/div>\n\t<\/div>\n<\/div><\/div><\/div><\/div><\/div><\/div><\/div><\/div>","protected":false},"excerpt":{"rendered":"Splo\u0161ni pogoji poslovanja 1. Splo\u0161no Ti splo\u0161ni pogoji poslovanja veljajo za vse uporabnike spletne strani www.anarma-adzic-akademija.si, ki je v lasti podjetja: Anarma Ad\u017ei\u0107, s.p. Kozmeti\u010dne storitve in izobra\u017eevanja stilistk Reagentova ulica 2B 6280 Ankaran \u2013 Ancarano Mati\u010dna \u0161tevilka: 8112142000 Dav\u010dna \u0161tevilka: 41335384 TRR: SI56 3300 0001 3275 120 (Addiko banka) (zavezanec za DDV: NE) E-po\u0161ta: info@anarma-adzic-akademija.si Telefon: 070682301 Z uporabo te spletne strani uporabnik potrjuje, da je prebral, razumel in se strinja s temi pogoji. \u2e3b 2. Opis storitev Na spletni strani so predstavljene storitve in izobra\u017eevanja s podro\u010dja kozmetike, kot so: \u2022podalj\u0161evanje trepalnic, \u2022vihanje trepalnic, \u2022laminacija obrvi, \u2022permanentni make-up, \u2022individualna in skupinska izobra\u017eevanja. Vse informacije so informativne narave in se lahko spremenijo brez predhodnega obvestila. \u2e3b 3. Naro\u010danje in pla\u010dilo Naro\u010danje poteka preko e-po\u0161te, kontaktnega obrazca ali dru\u017ebenih omre\u017eij. Po potrditvi termina prejme stranka vse podatke za pla\u010dilo. Na\u010dini pla\u010dila: \u2022nakazilo na TRR, \u2022pla\u010dilo po dogovoru (v dolo\u010denih primerih). Prijava na te\u010daj je potrjena \u0161ele po prejemu pla\u010dila (v celoti ali prvega obroka). S tem je rezerviran tudi termin. \u2e3b 4. Odpoved, sprememba termina in vra\u010dilo \u2022Stranka lahko brezpla\u010dno odpove udele\u017ebo najmanj 14 dni pred za\u010detkom te\u010daja. V tem primeru se lahko odlo\u010di za vra\u010dilo celotnega pla\u010dila ali prenos prijave na drug termin. \u2022\u010ce je odpoved podana manj kot 14 dni pred za\u010detkom te\u010daja, ali \u010de se stranka ne udele\u017ei te\u010daja brez predhodne odpovedi, pla\u010dilo ni vra\u010dljivo, razen v primerih vi\u0161je sile (npr. potrjena bolezen, ob predlo\u017eitvi ustreznega dokazila). \u2022V primeru vi\u0161je sile na strani izvajalca (npr. bolezen, nepredvidene okoli\u0161\u010dine), si izvajalka pridr\u017euje pravico do spremembe termina. V tem primeru se pla\u010dilo ne vra\u010da, ampak se stranki ponudi enakovreden nadomestni termin. \u2e3b 5. Intelektualna lastnina Vse vsebine na spletni strani (besedila, slike, logotipi, izobra\u017eevalni materiali) so avtorsko za\u0161\u010ditene in v lasti podjetja Anarma Ad\u017ei\u0107, s.p. Vsako kopiranje, raz\u0161irjanje ali komercialna uporaba brez pisnega dovoljenja je prepovedana. \u2e3b 6. Varstvo osebnih podatkov Podjetje Anarma Ad\u017ei\u0107, s.p. spo\u0161tuje va\u0161o zasebnost in ravna v skladu z veljavno zakonodajo o varstvu osebnih podatkov (GDPR, ZVOP-2). \u2022Osebni podatki, ki jih uporabniki posredujejo ob prijavi ali povpra\u0161evanju, se uporabljajo izklju\u010dno za komunikacijo, izvedbo storitev in izdajo ra\u010dunov. \u2022Podatki se ne posredujejo tretjim osebam, razen kadar to zahteva zakon. \u2022Uporabnik ima pravico do vpogleda, popravka ali izbrisa svojih podatkov kadarkoli. \u2e3b 7. Pi\u0161kotki Spletna stran uporablja pi\u0161kotke za izbolj\u0161anje uporabni\u0161ke izku\u0161nje. Ob prvem obisku uporabnik prejme obvestilo o uporabi pi\u0161kotkov. Z nadaljnjo uporabo spletne strani se [...]","protected":false},"author":1,"featured_media":5875,"parent":0,"menu_order":0,"comment_status":"closed","ping_status":"closed","template":"full-width.php","meta":{"footnotes":""},"class_list":["post-5962","page","type-page","status-publish","has-post-thumbnail","hentry"],"yoast_head":"<!-- This site is optimized with the Yoast SEO plugin v24.3 - https:\/\/yoast.com\/wordpress\/plugins\/seo\/ -->\n<title>Splo\u0161ni pogoji - Akademija Anarma Ad\u017ei\u0107<\/title>\n<meta name=\"robots\" content=\"index, follow, max-snippet:-1, max-image-preview:large, max-video-preview:-1\" \/>\n<link rel=\"canonical\" href=\"https:\/\/anarma-adzic-akademija.si\/en\/splosni-pogoji-poslovanja\/\" \/>\n<meta property=\"og:locale\" content=\"en_GB\" \/>\n<meta property=\"og:type\" content=\"article\" \/>\n<meta property=\"og:title\" content=\"Splo\u0161ni pogoji - Akademija Anarma Ad\u017ei\u0107\" \/>\n<meta property=\"og:url\" content=\"https:\/\/anarma-adzic-akademija.si\/en\/splosni-pogoji-poslovanja\/\" \/>\n<meta property=\"og:site_name\" content=\"Akademija Anarma Ad\u017ei\u0107\" \/>\n<meta property=\"article:modified_time\" content=\"2025-06-22T10:34:31+00:00\" \/>\n<meta property=\"og:image\" content=\"https:\/\/anarma-adzic-akademija.si\/wpaa\/wp-content\/uploads\/2025\/01\/vanifoto-943-Edit-scaled.jpg\" \/>\n\t<meta property=\"og:image:width\" content=\"1707\" \/>\n\t<meta property=\"og:image:height\" content=\"2560\" \/>\n\t<meta property=\"og:image:type\" content=\"image\/jpeg\" \/>\n<meta name=\"twitter:card\" content=\"summary_large_image\" \/>\n<meta name=\"twitter:label1\" content=\"Estimated reading time\" \/>\n\t<meta name=\"twitter:data1\" content=\"4 minutes\" \/>\n<script type=\"application\/ld+json\" class=\"yoast-schema-graph\">{\"@context\":\"https:\/\/schema.org\",\"@graph\":[{\"@type\":\"WebPage\",\"@id\":\"https:\/\/anarma-adzic-akademija.si\/splosni-pogoji-poslovanja\/\",\"url\":\"https:\/\/anarma-adzic-akademija.si\/splosni-pogoji-poslovanja\/\",\"name\":\"Splo\u0161ni pogoji - Akademija Anarma Ad\u017ei\u0107\",\"isPartOf\":{\"@id\":\"https:\/\/anarma-adzic-akademija.si\/#website\"},\"primaryImageOfPage\":{\"@id\":\"https:\/\/anarma-adzic-akademija.si\/splosni-pogoji-poslovanja\/#primaryimage\"},\"image\":{\"@id\":\"https:\/\/anarma-adzic-akademija.si\/splosni-pogoji-poslovanja\/#primaryimage\"},\"thumbnailUrl\":\"https:\/\/anarma-adzic-akademija.si\/wpaa\/wp-content\/uploads\/2025\/01\/vanifoto-943-Edit-scaled.jpg\",\"datePublished\":\"2025-06-22T10:33:55+00:00\",\"dateModified\":\"2025-06-22T10:34:31+00:00\",\"breadcrumb\":{\"@id\":\"https:\/\/anarma-adzic-akademija.si\/splosni-pogoji-poslovanja\/#breadcrumb\"},\"inLanguage\":\"en-GB\",\"potentialAction\":[{\"@type\":\"ReadAction\",\"target\":[\"https:\/\/anarma-adzic-akademija.si\/splosni-pogoji-poslovanja\/\"]}]},{\"@type\":\"ImageObject\",\"inLanguage\":\"en-GB\",\"@id\":\"https:\/\/anarma-adzic-akademija.si\/splosni-pogoji-poslovanja\/#primaryimage\",\"url\":\"https:\/\/anarma-adzic-akademija.si\/wpaa\/wp-content\/uploads\/2025\/01\/vanifoto-943-Edit-scaled.jpg\",\"contentUrl\":\"https:\/\/anarma-adzic-akademija.si\/wpaa\/wp-content\/uploads\/2025\/01\/vanifoto-943-Edit-scaled.jpg\",\"width\":1707,\"height\":2560},{\"@type\":\"BreadcrumbList\",\"@id\":\"https:\/\/anarma-adzic-akademija.si\/splosni-pogoji-poslovanja\/#breadcrumb\",\"itemListElement\":[{\"@type\":\"ListItem\",\"position\":1,\"name\":\"Home\",\"item\":\"https:\/\/anarma-adzic-akademija.si\/\"},{\"@type\":\"ListItem\",\"position\":2,\"name\":\"Splo\u0161ni pogoji\"}]},{\"@type\":\"WebSite\",\"@id\":\"https:\/\/anarma-adzic-akademija.si\/#website\",\"url\":\"https:\/\/anarma-adzic-akademija.si\/\",\"name\":\"Akademija Anarma Ad\u017ei\u0107\",\"description\":\"Podalj\u0161evanje trepalnic\",\"publisher\":{\"@id\":\"https:\/\/anarma-adzic-akademija.si\/#\/schema\/person\/8f17e81eca7fa443d53a1dee1c2d45de\"},\"potentialAction\":[{\"@type\":\"SearchAction\",\"target\":{\"@type\":\"EntryPoint\",\"urlTemplate\":\"https:\/\/anarma-adzic-akademija.si\/?s={search_term_string}\"},\"query-input\":{\"@type\":\"PropertyValueSpecification\",\"valueRequired\":true,\"valueName\":\"search_term_string\"}}],\"inLanguage\":\"en-GB\"},{\"@type\":[\"Person\",\"Organization\"],\"@id\":\"https:\/\/anarma-adzic-akademija.si\/#\/schema\/person\/8f17e81eca7fa443d53a1dee1c2d45de\",\"name\":\"Anarma Adzic\",\"image\":{\"@type\":\"ImageObject\",\"inLanguage\":\"en-GB\",\"@id\":\"https:\/\/anarma-adzic-akademija.si\/#\/schema\/person\/image\/\",\"url\":\"https:\/\/secure.gravatar.com\/avatar\/9699f1fc675dc916d820e5e4bc053ab4c1641831e31179154ca1d73fabd36751?s=96&d=mm&r=g\",\"contentUrl\":\"https:\/\/secure.gravatar.com\/avatar\/9699f1fc675dc916d820e5e4bc053ab4c1641831e31179154ca1d73fabd36751?s=96&d=mm&r=g\",\"caption\":\"Anarma Adzic\"},\"logo\":{\"@id\":\"https:\/\/anarma-adzic-akademija.si\/#\/schema\/person\/image\/\"}}]}<\/script>\n<!-- \/ Yoast SEO plugin. -->","yoast_head_json":{"title":"Splo\u0161ni pogoji - Akademija Anarma Ad\u017ei\u0107","robots":{"index":"index","follow":"follow","max-snippet":"max-snippet:-1","max-image-preview":"max-image-preview:large","max-video-preview":"max-video-preview:-1"},"canonical":"https:\/\/anarma-adzic-akademija.si\/en\/splosni-pogoji-poslovanja\/","og_locale":"en_GB","og_type":"article","og_title":"Splo\u0161ni pogoji - Akademija Anarma Ad\u017ei\u0107","og_url":"https:\/\/anarma-adzic-akademija.si\/en\/splosni-pogoji-poslovanja\/","og_site_name":"Akademija Anarma Ad\u017ei\u0107","article_modified_time":"2025-06-22T10:34:31+00:00","og_image":[{"width":1707,"height":2560,"url":"https:\/\/anarma-adzic-akademija.si\/wpaa\/wp-content\/uploads\/2025\/01\/vanifoto-943-Edit-scaled.jpg","type":"image\/jpeg"}],"twitter_card":"summary_large_image","twitter_misc":{"Estimated reading time":"4 minutes"},"schema":{"@context":"https:\/\/schema.org","@graph":[{"@type":"WebPage","@id":"https:\/\/anarma-adzic-akademija.si\/splosni-pogoji-poslovanja\/","url":"https:\/\/anarma-adzic-akademija.si\/splosni-pogoji-poslovanja\/","name":"Splo\u0161ni pogoji - Akademija Anarma Ad\u017ei\u0107","isPartOf":{"@id":"https:\/\/anarma-adzic-akademija.si\/#website"},"primaryImageOfPage":{"@id":"https:\/\/anarma-adzic-akademija.si\/splosni-pogoji-poslovanja\/#primaryimage"},"image":{"@id":"https:\/\/anarma-adzic-akademija.si\/splosni-pogoji-poslovanja\/#primaryimage"},"thumbnailUrl":"https:\/\/anarma-adzic-akademija.si\/wpaa\/wp-content\/uploads\/2025\/01\/vanifoto-943-Edit-scaled.jpg","datePublished":"2025-06-22T10:33:55+00:00","dateModified":"2025-06-22T10:34:31+00:00","breadcrumb":{"@id":"https:\/\/anarma-adzic-akademija.si\/splosni-pogoji-poslovanja\/#breadcrumb"},"inLanguage":"en-GB","potentialAction":[{"@type":"ReadAction","target":["https:\/\/anarma-adzic-akademija.si\/splosni-pogoji-poslovanja\/"]}]},{"@type":"ImageObject","inLanguage":"en-GB","@id":"https:\/\/anarma-adzic-akademija.si\/splosni-pogoji-poslovanja\/#primaryimage","url":"https:\/\/anarma-adzic-akademija.si\/wpaa\/wp-content\/uploads\/2025\/01\/vanifoto-943-Edit-scaled.jpg","contentUrl":"https:\/\/anarma-adzic-akademija.si\/wpaa\/wp-content\/uploads\/2025\/01\/vanifoto-943-Edit-scaled.jpg","width":1707,"height":2560},{"@type":"BreadcrumbList","@id":"https:\/\/anarma-adzic-akademija.si\/splosni-pogoji-poslovanja\/#breadcrumb","itemListElement":[{"@type":"ListItem","position":1,"name":"Home","item":"https:\/\/anarma-adzic-akademija.si\/"},{"@type":"ListItem","position":2,"name":"Splo\u0161ni pogoji"}]},{"@type":"WebSite","@id":"https:\/\/anarma-adzic-akademija.si\/#website","url":"https:\/\/anarma-adzic-akademija.si\/","name":"Anarma Ad\u017ei\u0107 Academy","description":"Eyelash extensions","publisher":{"@id":"https:\/\/anarma-adzic-akademija.si\/#\/schema\/person\/8f17e81eca7fa443d53a1dee1c2d45de"},"potentialAction":[{"@type":"SearchAction","target":{"@type":"EntryPoint","urlTemplate":"https:\/\/anarma-adzic-akademija.si\/?s={search_term_string}"},"query-input":{"@type":"PropertyValueSpecification","valueRequired":true,"valueName":"search_term_string"}}],"inLanguage":"en-GB"},{"@type":["Person","Organization"],"@id":"https:\/\/anarma-adzic-akademija.si\/#\/schema\/person\/8f17e81eca7fa443d53a1dee1c2d45de","name":"Anarma Adzic","image":{"@type":"ImageObject","inLanguage":"en-GB","@id":"https:\/\/anarma-adzic-akademija.si\/#\/schema\/person\/image\/","url":"https:\/\/secure.gravatar.com\/avatar\/9699f1fc675dc916d820e5e4bc053ab4c1641831e31179154ca1d73fabd36751?s=96&d=mm&r=g","contentUrl":"https:\/\/secure.gravatar.com\/avatar\/9699f1fc675dc916d820e5e4bc053ab4c1641831e31179154ca1d73fabd36751?s=96&d=mm&r=g","caption":"Anarma Adzic"},"logo":{"@id":"https:\/\/anarma-adzic-akademija.si\/#\/schema\/person\/image\/"}}]}},"_links":{"self":[{"href":"https:\/\/anarma-adzic-akademija.si\/en\/wp-json\/wp\/v2\/pages\/5962","targetHints":{"allow":["GET"]}}],"collection":[{"href":"https:\/\/anarma-adzic-akademija.si\/en\/wp-json\/wp\/v2\/pages"}],"about":[{"href":"https:\/\/anarma-adzic-akademija.si\/en\/wp-json\/wp\/v2\/types\/page"}],"author":[{"embeddable":true,"href":"https:\/\/anarma-adzic-akademija.si\/en\/wp-json\/wp\/v2\/users\/1"}],"replies":[{"embeddable":true,"href":"https:\/\/anarma-adzic-akademija.si\/en\/wp-json\/wp\/v2\/comments?post=5962"}],"version-history":[{"count":0,"href":"https:\/\/anarma-adzic-akademija.si\/en\/wp-json\/wp\/v2\/pages\/5962\/revisions"}],"wp:featuredmedia":[{"embeddable":true,"href":"https:\/\/anarma-adzic-akademija.si\/en\/wp-json\/wp\/v2\/media\/5875"}],"wp:attachment":[{"href":"https:\/\/anarma-adzic-akademija.si\/en\/wp-json\/wp\/v2\/media?parent=5962"}],"curies":[{"name":"wp","href":"https:\/\/api.w.org\/{rel}","templated":true}]}}