{"id":2038,"date":"2018-06-06T12:41:46","date_gmt":"2018-06-06T12:41:46","guid":{"rendered":"http:\/\/dalia.elated-themes.com\/?page_id=2038"},"modified":"2025-04-03T11:07:32","modified_gmt":"2025-04-03T11:07:32","slug":"kontakt","status":"publish","type":"page","link":"https:\/\/anarma-adzic-akademija.si\/hr\/kontakt\/","title":{"rendered":"KONTAKT"},"content":{"rendered":"<div class=\"vc_row wpb_row vc_row-fluid\" ><div class=\"wpb_column vc_column_container vc_col-sm-12\"><div class=\"vc_column-inner\"><div class=\"wpb_wrapper\"><div class=\"eltdf-google-map-holder\">\n\t<div class=\"eltdf-google-map\" id=\"eltdf-map-1547673\" data-addresses='[\"Regentova ulica 2b, Ankaran\"]' data-custom-map-style=\"no\" data-color-overlay=\"#393939\" data-saturation=\"-100\" data-lightness=\"-60\" data-zoom=\"16\" data-pin=\"https:\/\/anarma-adzic-akademija.si\/wpaa\/wp-content\/uploads\/2025\/04\/anarma-map-pin.png\" data-unique-id=\"1547673\" data-scroll-wheel=\"no\" data-height=\"509px\" data-snazzy-map-style=\"yes\"><\/div>\n\t\t\t<input type=\"hidden\" class=\"eltdf-snazzy-map\" value=\"`{`{``featureType``: ``administrative``,``elementType``: ``labels.text.fill``,``stylers``: `{`{``color``: ``#6195a0``}`}`},{``featureType``: ``administrative.province``,``elementType``: ``geometry.stroke``,``stylers``: `{`{``visibility``: ``off``}`}`},{``featureType``: ``landscape``,``elementType``: ``geometry``,``stylers``: `{`{``lightness``: ``0``},{``saturation``: ``0``},{``color``: ``#f5f5f2``},{``gamma``: ``1``}`}`},{``featureType``: ``landscape.man_made``,``elementType``: ``all``,``stylers``: `{`{``lightness``: ``-3``},{``gamma``: ``1.00``}`}`},{``featureType``: ``landscape.natural.terrain``,``elementType``: ``all``,``stylers``: `{`{``visibility``: ``off``}`}`},{``featureType``: ``poi``,``elementType``: ``all``,``stylers``: `{`{``visibility``: ``off``}`}`},{``featureType``: ``poi.park``,``elementType``: ``geometry.fill``,``stylers``: `{`{``color``: ``#bae5ce``},{``visibility``: ``on``}`}`},{``featureType``: ``road``,``elementType``: ``all``,``stylers``: `{`{``saturation``: -100},{``lightness``: 45},{``visibility``: ``simplified``}`}`},{``featureType``: ``road.highway``,``elementType``: ``all``,``stylers``: `{`{``visibility``: ``simplified``}`}`},{``featureType``: ``road.highway``,``elementType``: ``geometry.fill``,``stylers``: `{`{``color``: ``#fac9a9``},{``visibility``: ``simplified``}`}`},{``featureType``: ``road.highway``,``elementType``: ``labels.text``,``stylers``: `{`{``color``: ``#4e4e4e``}`}`},{``featureType``: ``road.arterial``,``elementType``: ``labels.text.fill``,``stylers``: `{`{``color``: ``#787878``}`}`},{``featureType``: ``road.arterial``,``elementType``: ``labels.icon``,``stylers``: `{`{``visibility``: ``off``}`}`},{``featureType``: ``transit``,``elementType``: ``all``,``stylers``: `{`{``visibility``: ``simplified``}`}`},{``featureType``: ``transit.station.airport``,``elementType``: ``labels.icon``,``stylers``: `{`{``hue``: ``#0a00ff``},{``saturation``: ``-77``},{``gamma``: ``0.57``},{``lightness``: ``0``}`}`},{``featureType``: ``transit.station.rail``,``elementType``: ``labels.text.fill``,``stylers``: `{`{``color``: ``#43321e``}`}`},{``featureType``: ``transit.station.rail``,``elementType``: ``labels.icon``,``stylers``: `{`{``hue``: ``#ff6c00``},{``lightness``: ``4``},{``gamma``: ``0.75``},{``saturation``: ``-68``}`}`},{``featureType``: ``water``,``elementType``: ``all``,``stylers``: `{`{``color``: ``#eaf6f8``},{``visibility``: ``on``}`}`},{``featureType``: ``water``,``elementType``: ``geometry.fill``,``stylers``: `{`{``color``: ``#c7eced``}`}`},{``featureType``: ``water``,``elementType``: ``labels.text.fill``,``stylers``: `{`{``lightness``: ``-49``},{``saturation``: ``-53``},{``gamma``: ``0.79``}`}`}`}`\" \/>\n\t\t\t\t<div class=\"eltdf-google-map-overlay\"><\/div>\n\t<\/div>\n<\/div><\/div><\/div><\/div><div class=\"eltdf-row-grid-section-wrapper\"  ><div class=\"eltdf-row-grid-section\"><div class=\"vc_row wpb_row vc_row-fluid vc_custom_1530020546735\" ><div class=\"wpb_column vc_column_container vc_col-sm-12 vc_col-lg-6 vc_col-md-12 vc_col-xs-12\"><div class=\"vc_column-inner\"><div class=\"wpb_wrapper\"><div class=\"eltdf-elements-holder   eltdf-one-column  eltdf-responsive-mode-768\" ><div class=\"eltdf-eh-item\"  data-item-class=\"eltdf-eh-custom-4486\" data-769-1024=\"0px 0% 70px\" data-681-768=\"0px 0% 70px\" data-680=\"0px 0% 70px\">\n\t<div class=\"eltdf-eh-item-inner\">\n\t\t<div class=\"eltdf-eh-item-content eltdf-eh-custom-4486\" >\n\t\t\t\n<div class=\"wpcf7 no-js\" id=\"wpcf7-f1990-o1\" lang=\"en-US\" dir=\"ltr\">\n<div class=\"screen-reader-response\"><p role=\"status\" aria-live=\"polite\" aria-atomic=\"true\"><\/p> <ul><\/ul><\/div>\n<form action=\"\/hr\/wp-json\/wp\/v2\/pages\/2038#wpcf7-f1990-o1\" method=\"post\" class=\"wpcf7-form init cf7_custom_style_3\" aria-label=\"Kontaktni obrazac\" novalidate=\"novalidate\" data-status=\"init\" data-trp-original-action=\"\/hr\/wp-json\/wp\/v2\/pages\/2038#wpcf7-f1990-o1\">\n<div style=\"display: none;\">\n<input type=\"hidden\" name=\"_wpcf7\" value=\"1990\" \/>\n<input type=\"hidden\" name=\"_wpcf7_version\" value=\"5.9.7\" \/>\n<input type=\"hidden\" name=\"_wpcf7_locale\" value=\"en_US\" \/>\n<input type=\"hidden\" name=\"_wpcf7_unit_tag\" value=\"wpcf7-f1990-o1\" \/>\n<input type=\"hidden\" name=\"_wpcf7_container_post\" value=\"0\" \/>\n<input type=\"hidden\" name=\"_wpcf7_posted_data_hash\" value=\"\" \/>\n<input type=\"hidden\" name=\"_wpcf7_recaptcha_response\" value=\"\" \/>\n<\/div>\n<div class=\"eltdf-grid-row eltdf-grid-small-gutter\">\n\t<div class=\"eltdf-grid-col-6\">\n\t\t<p style=\"text-align: center;\"><span class=\"wpcf7-form-control-wrap\" data-name=\"text-712\"><input size=\"40\" maxlength=\"400\" class=\"wpcf7-form-control wpcf7-text\" aria-invalid=\"false\" placeholder=\"Ime Prezime\" value=\"\" type=\"text\" name=\"text-712\" \/><\/span>\n\t\t<\/p>\n\t<\/div>\n\t<div class=\"eltdf-grid-col-6\">\n\t\t<p style=\"text-align: center;\"><span class=\"wpcf7-form-control-wrap\" data-name=\"email-492\"><input size=\"40\" maxlength=\"400\" class=\"wpcf7-form-control wpcf7-email wpcf7-text wpcf7-validates-as-email\" aria-invalid=\"false\" placeholder=\"E-po\u0161ta\" value=\"\" type=\"email\" name=\"email-492\" \/><\/span>\n\t\t<\/p>\n\t<\/div>\n<\/div>\n<div>\n\t<p style=\"text-align: center;\"><span class=\"wpcf7-form-control-wrap\" data-name=\"textarea\"><textarea cols=\"40\" rows=\"10\" maxlength=\"2000\" class=\"wpcf7-form-control wpcf7-textarea\" aria-invalid=\"false\" placeholder=\"Poruka\" name=\"textarea\"><\/textarea><\/span>\n\t<\/p>\n<\/div>\n<div class=\"eldtf-btn eldtf-btn-huge eltdf-cf-type-2\">\n\t<p style=\"text-align: center;\"><input class=\"wpcf7-form-control wpcf7-submit has-spinner\" type=\"submit\" value=\"PO\u0160ALJI PORUKU\" \/>\n\t<\/p>\n<\/div><div class=\"wpcf7-response-output\" aria-hidden=\"true\"><\/div>\n<input type=\"hidden\" name=\"trp-form-language\" value=\"hr\"\/><\/form>\n<\/div>\n\t\t<\/div>\n\t<\/div>\n<\/div><\/div><\/div><\/div><\/div><div class=\"wpb_column vc_column_container vc_col-sm-12 vc_col-lg-6 vc_col-md-12 vc_col-xs-12\"><div class=\"vc_column-inner\"><div class=\"wpb_wrapper\"><div class=\"eltdf-elements-holder   eltdf-one-column  eltdf-responsive-mode-768\" ><div class=\"eltdf-eh-item\"  data-item-class=\"eltdf-eh-custom-9099\" data-769-1024=\"0px 0% 0px 0%\" data-681-768=\"0px 0% 0px 0%\" data-680=\"0px 7% 0px 0%\">\n\t<div class=\"eltdf-eh-item-inner\">\n\t\t<div class=\"eltdf-eh-item-content eltdf-eh-custom-9099\" style=\"padding: 0px 0% 0px 6%\">\n\t\t\t<div class=\"eltdf-section-title-holder  eltdf-st-standard eltdf-st-title-left\" >\n\t<div class=\"eltdf-st-inner\">\n\t\t\t\t\t\t\t<h2 class=\"eltdf-st-title\" style=\"color: #d1b5a7\">\n\t\t\t\tKontaktirajte nas\t\t\t<\/h2>\n\t\t\t\t\t<\/div>\n<\/div><div class=\"vc_empty_space\"   style=\"height: 14px\"><span class=\"vc_empty_space_inner\"><\/span><\/div><div class=\"eltdf-iwt clearfix  eltdf-iwt-icon-left eltdf-iwt-icon-medium\">\n\t<div class=\"eltdf-iwt-icon-wrapper\">\n\t\t<div class=\"eltdf-iwt-icon\">\n\t\t\t\t\t\t\t<a itemprop=\"url\" href=\"mailto:info@anarma-adzic-akademija.si\" target=\"_self\">\n\t\t\t\t\t\t\t\t\t\t\t\t    <span class=\"eltdf-icon-shortcode eltdf-normal   eltdf-icon-medium\"  data-color=\"#d1b5a7\">\n                    <i class=\"eltdf-icon-ion-icon ion-ios-chatboxes-outline eltdf-icon-element\" style=\"color: #d1b5a7;font-size:30px\" ><\/i>            <\/span>\n\t\t\t\t\t\t\t\t\t\t\t<\/a>\n\t\t\t\t\t<\/div>\n\t\t<div class=\"eltdf-iwt-content\" >\n\t\t\t\t\t\t\t\t\t\t\t\t\t<p class=\"eltdf-iwt-text\" style=\"margin-top: 2px\">info@anarma-adzic-akademija.si<\/p>\n\t\t\t\t\t<\/div>\n\t<\/div>\n<\/div><div class=\"vc_empty_space\"   style=\"height: 10px\"><span class=\"vc_empty_space_inner\"><\/span><\/div><div class=\"eltdf-iwt clearfix  eltdf-iwt-icon-left eltdf-iwt-icon-medium\">\n\t<div class=\"eltdf-iwt-icon-wrapper\">\n\t\t<div class=\"eltdf-iwt-icon\">\n\t\t\t\t\t\t\t<a itemprop=\"url\" href=\"tel:+38670682301\" target=\"_self\">\n\t\t\t\t\t\t\t\t\t\t\t\t    <span class=\"eltdf-icon-shortcode eltdf-normal   eltdf-icon-medium\"  data-color=\"#d1b5a7\">\n                    <i class=\"eltdf-icon-ion-icon ion-ios-telephone-outline eltdf-icon-element\" style=\"color: #d1b5a7;font-size:30px\" ><\/i>            <\/span>\n\t\t\t\t\t\t\t\t\t\t\t<\/a>\n\t\t\t\t\t<\/div>\n\t\t<div class=\"eltdf-iwt-content\" >\n\t\t\t\t\t\t\t\t\t\t\t\t\t<p class=\"eltdf-iwt-text\" style=\"margin-top: 2px\">+38670682301<\/p>\n\t\t\t\t\t<\/div>\n\t<\/div>\n<\/div><div class=\"vc_empty_space\"   style=\"height: 10px\"><span class=\"vc_empty_space_inner\"><\/span><\/div><div class=\"eltdf-iwt clearfix  eltdf-iwt-icon-left eltdf-iwt-icon-medium\">\n\t<div class=\"eltdf-iwt-icon-wrapper\">\n\t\t<div class=\"eltdf-iwt-icon\">\n\t\t\t\t\t\t\t<a itemprop=\"url\" href=\"#\" target=\"_self\">\n\t\t\t\t\t\t\t\t\t\t\t\t    <span class=\"eltdf-icon-shortcode eltdf-normal   eltdf-icon-medium\"  data-color=\"#d1b5a7\">\n                    <i class=\"eltdf-icon-ion-icon ion-ios-home-outline eltdf-icon-element\" style=\"color: #d1b5a7;font-size:30px\" ><\/i>            <\/span>\n\t\t\t\t\t\t\t\t\t\t\t<\/a>\n\t\t\t\t\t<\/div>\n\t\t<div class=\"eltdf-iwt-content\" >\n\t\t\t\t\t\t\t\t\t\t\t\t\t<p class=\"eltdf-iwt-text\" style=\"margin-top: 2px\">Regent Street 2b, Ankaran<\/p>\n\t\t\t\t\t<\/div>\n\t<\/div>\n<\/div>\t\t<\/div>\n\t<\/div>\n<\/div><\/div><\/div><\/div><\/div><\/div><\/div><\/div>","protected":false},"excerpt":{"rendered":"Kontaktiraj nas info@anarma-adzic-akademija.si +38670682301 Regentova ulica 2b, Ankaran","protected":false},"author":1,"featured_media":5502,"parent":0,"menu_order":0,"comment_status":"closed","ping_status":"closed","template":"full-width.php","meta":{"footnotes":""},"class_list":["post-2038","page","type-page","status-publish","has-post-thumbnail","hentry"],"yoast_head":"<!-- This site is optimized with the Yoast SEO plugin v24.3 - https:\/\/yoast.com\/wordpress\/plugins\/seo\/ -->\n<title>KONTAKT - Akademija Anarma Ad\u017ei\u0107<\/title>\n<meta name=\"description\" content=\"Kontakt lepotnega salona Anarme Adzi\u0107. Rezervirajte termin za podalj\u0161evanje trepalnic, laminacijo in PMU. Hitro naro\u010danje!\" \/>\n<meta name=\"robots\" content=\"index, follow, max-snippet:-1, max-image-preview:large, max-video-preview:-1\" \/>\n<link rel=\"canonical\" href=\"https:\/\/anarma-adzic-akademija.si\/hr\/kontakt\/\" \/>\n<meta property=\"og:locale\" content=\"hr_HR\" \/>\n<meta property=\"og:type\" content=\"article\" \/>\n<meta property=\"og:title\" content=\"KONTAKT - Akademija Anarma Ad\u017ei\u0107\" \/>\n<meta property=\"og:description\" content=\"Kontakt lepotnega salona Anarme Adzi\u0107. Rezervirajte termin za podalj\u0161evanje trepalnic, laminacijo in PMU. Hitro naro\u010danje!\" \/>\n<meta property=\"og:url\" content=\"https:\/\/anarma-adzic-akademija.si\/hr\/kontakt\/\" \/>\n<meta property=\"og:site_name\" content=\"Akademija Anarma Ad\u017ei\u0107\" \/>\n<meta property=\"article:modified_time\" content=\"2025-04-03T11:07:32+00:00\" \/>\n<meta property=\"og:image\" content=\"https:\/\/anarma-adzic-akademija.si\/wpaa\/wp-content\/uploads\/2024\/07\/vanifoto-321-Edit-scaled.jpg\" \/>\n\t<meta property=\"og:image:width\" content=\"1707\" \/>\n\t<meta property=\"og:image:height\" content=\"2560\" \/>\n\t<meta property=\"og:image:type\" content=\"image\/jpeg\" \/>\n<meta name=\"twitter:card\" content=\"summary_large_image\" \/>\n<meta name=\"twitter:label1\" content=\"Procijenjeno vrijeme \u010ditanja\" \/>\n\t<meta name=\"twitter:data1\" content=\"3 minute\" \/>\n<script type=\"application\/ld+json\" class=\"yoast-schema-graph\">{\"@context\":\"https:\/\/schema.org\",\"@graph\":[{\"@type\":\"WebPage\",\"@id\":\"https:\/\/anarma-adzic-akademija.si\/kontakt\/\",\"url\":\"https:\/\/anarma-adzic-akademija.si\/kontakt\/\",\"name\":\"KONTAKT - Akademija Anarma Ad\u017ei\u0107\",\"isPartOf\":{\"@id\":\"https:\/\/anarma-adzic-akademija.si\/#website\"},\"primaryImageOfPage\":{\"@id\":\"https:\/\/anarma-adzic-akademija.si\/kontakt\/#primaryimage\"},\"image\":{\"@id\":\"https:\/\/anarma-adzic-akademija.si\/kontakt\/#primaryimage\"},\"thumbnailUrl\":\"https:\/\/anarma-adzic-akademija.si\/wpaa\/wp-content\/uploads\/2024\/07\/vanifoto-321-Edit-scaled.jpg\",\"datePublished\":\"2018-06-06T12:41:46+00:00\",\"dateModified\":\"2025-04-03T11:07:32+00:00\",\"description\":\"Kontakt lepotnega salona Anarme Adzi\u0107. Rezervirajte termin za podalj\u0161evanje trepalnic, laminacijo in PMU. Hitro naro\u010danje!\",\"breadcrumb\":{\"@id\":\"https:\/\/anarma-adzic-akademija.si\/kontakt\/#breadcrumb\"},\"inLanguage\":\"hr\",\"potentialAction\":[{\"@type\":\"ReadAction\",\"target\":[\"https:\/\/anarma-adzic-akademija.si\/kontakt\/\"]}]},{\"@type\":\"ImageObject\",\"inLanguage\":\"hr\",\"@id\":\"https:\/\/anarma-adzic-akademija.si\/kontakt\/#primaryimage\",\"url\":\"https:\/\/anarma-adzic-akademija.si\/wpaa\/wp-content\/uploads\/2024\/07\/vanifoto-321-Edit-scaled.jpg\",\"contentUrl\":\"https:\/\/anarma-adzic-akademija.si\/wpaa\/wp-content\/uploads\/2024\/07\/vanifoto-321-Edit-scaled.jpg\",\"width\":1707,\"height\":2560},{\"@type\":\"BreadcrumbList\",\"@id\":\"https:\/\/anarma-adzic-akademija.si\/kontakt\/#breadcrumb\",\"itemListElement\":[{\"@type\":\"ListItem\",\"position\":1,\"name\":\"Home\",\"item\":\"https:\/\/anarma-adzic-akademija.si\/\"},{\"@type\":\"ListItem\",\"position\":2,\"name\":\"KONTAKT\"}]},{\"@type\":\"WebSite\",\"@id\":\"https:\/\/anarma-adzic-akademija.si\/#website\",\"url\":\"https:\/\/anarma-adzic-akademija.si\/\",\"name\":\"Akademija Anarma Ad\u017ei\u0107\",\"description\":\"Podalj\u0161evanje trepalnic\",\"publisher\":{\"@id\":\"https:\/\/anarma-adzic-akademija.si\/#\/schema\/person\/8f17e81eca7fa443d53a1dee1c2d45de\"},\"potentialAction\":[{\"@type\":\"SearchAction\",\"target\":{\"@type\":\"EntryPoint\",\"urlTemplate\":\"https:\/\/anarma-adzic-akademija.si\/?s={search_term_string}\"},\"query-input\":{\"@type\":\"PropertyValueSpecification\",\"valueRequired\":true,\"valueName\":\"search_term_string\"}}],\"inLanguage\":\"hr\"},{\"@type\":[\"Person\",\"Organization\"],\"@id\":\"https:\/\/anarma-adzic-akademija.si\/#\/schema\/person\/8f17e81eca7fa443d53a1dee1c2d45de\",\"name\":\"Anarma Adzic\",\"image\":{\"@type\":\"ImageObject\",\"inLanguage\":\"hr\",\"@id\":\"https:\/\/anarma-adzic-akademija.si\/#\/schema\/person\/image\/\",\"url\":\"https:\/\/secure.gravatar.com\/avatar\/9699f1fc675dc916d820e5e4bc053ab4c1641831e31179154ca1d73fabd36751?s=96&d=mm&r=g\",\"contentUrl\":\"https:\/\/secure.gravatar.com\/avatar\/9699f1fc675dc916d820e5e4bc053ab4c1641831e31179154ca1d73fabd36751?s=96&d=mm&r=g\",\"caption\":\"Anarma Adzic\"},\"logo\":{\"@id\":\"https:\/\/anarma-adzic-akademija.si\/#\/schema\/person\/image\/\"}}]}<\/script>\n<!-- \/ Yoast SEO plugin. -->","yoast_head_json":{"title":"KONTAKT - Akademija Anarma Ad\u017ei\u0107","description":"Kontakt lepotnega salona Anarme Adzi\u0107. Rezervirajte termin za podalj\u0161evanje trepalnic, laminacijo in PMU. Hitro naro\u010danje!","robots":{"index":"index","follow":"follow","max-snippet":"max-snippet:-1","max-image-preview":"max-image-preview:large","max-video-preview":"max-video-preview:-1"},"canonical":"https:\/\/anarma-adzic-akademija.si\/hr\/kontakt\/","og_locale":"hr_HR","og_type":"article","og_title":"KONTAKT - Akademija Anarma Ad\u017ei\u0107","og_description":"Kontakt lepotnega salona Anarme Adzi\u0107. Rezervirajte termin za podalj\u0161evanje trepalnic, laminacijo in PMU. Hitro naro\u010danje!","og_url":"https:\/\/anarma-adzic-akademija.si\/hr\/kontakt\/","og_site_name":"Akademija Anarma Ad\u017ei\u0107","article_modified_time":"2025-04-03T11:07:32+00:00","og_image":[{"width":1707,"height":2560,"url":"https:\/\/anarma-adzic-akademija.si\/wpaa\/wp-content\/uploads\/2024\/07\/vanifoto-321-Edit-scaled.jpg","type":"image\/jpeg"}],"twitter_card":"summary_large_image","twitter_misc":{"Procijenjeno vrijeme \u010ditanja":"3 minute"},"schema":{"@context":"https:\/\/schema.org","@graph":[{"@type":"WebPage","@id":"https:\/\/anarma-adzic-akademija.si\/kontakt\/","url":"https:\/\/anarma-adzic-akademija.si\/kontakt\/","name":"KONTAKT - Akademija Anarma Ad\u017ei\u0107","isPartOf":{"@id":"https:\/\/anarma-adzic-akademija.si\/#website"},"primaryImageOfPage":{"@id":"https:\/\/anarma-adzic-akademija.si\/kontakt\/#primaryimage"},"image":{"@id":"https:\/\/anarma-adzic-akademija.si\/kontakt\/#primaryimage"},"thumbnailUrl":"https:\/\/anarma-adzic-akademija.si\/wpaa\/wp-content\/uploads\/2024\/07\/vanifoto-321-Edit-scaled.jpg","datePublished":"2018-06-06T12:41:46+00:00","dateModified":"2025-04-03T11:07:32+00:00","description":"Kontakt lepotnega salona Anarme Adzi\u0107. Rezervirajte termin za podalj\u0161evanje trepalnic, laminacijo in PMU. Hitro naro\u010danje!","breadcrumb":{"@id":"https:\/\/anarma-adzic-akademija.si\/kontakt\/#breadcrumb"},"inLanguage":"hr","potentialAction":[{"@type":"ReadAction","target":["https:\/\/anarma-adzic-akademija.si\/kontakt\/"]}]},{"@type":"ImageObject","inLanguage":"hr","@id":"https:\/\/anarma-adzic-akademija.si\/kontakt\/#primaryimage","url":"https:\/\/anarma-adzic-akademija.si\/wpaa\/wp-content\/uploads\/2024\/07\/vanifoto-321-Edit-scaled.jpg","contentUrl":"https:\/\/anarma-adzic-akademija.si\/wpaa\/wp-content\/uploads\/2024\/07\/vanifoto-321-Edit-scaled.jpg","width":1707,"height":2560},{"@type":"BreadcrumbList","@id":"https:\/\/anarma-adzic-akademija.si\/kontakt\/#breadcrumb","itemListElement":[{"@type":"ListItem","position":1,"name":"Home","item":"https:\/\/anarma-adzic-akademija.si\/"},{"@type":"ListItem","position":2,"name":"KONTAKT"}]},{"@type":"WebSite","@id":"https:\/\/anarma-adzic-akademija.si\/#website","url":"https:\/\/anarma-adzic-akademija.si\/","name":"Akademija Anarma Ad\u017ei\u0107","description":"Ekstenzije trepavica","publisher":{"@id":"https:\/\/anarma-adzic-akademija.si\/#\/schema\/person\/8f17e81eca7fa443d53a1dee1c2d45de"},"potentialAction":[{"@type":"SearchAction","target":{"@type":"EntryPoint","urlTemplate":"https:\/\/anarma-adzic-akademija.si\/?s={search_term_string}"},"query-input":{"@type":"PropertyValueSpecification","valueRequired":true,"valueName":"search_term_string"}}],"inLanguage":"hr"},{"@type":["Person","Organization"],"@id":"https:\/\/anarma-adzic-akademija.si\/#\/schema\/person\/8f17e81eca7fa443d53a1dee1c2d45de","name":"Anarma Ad\u017ei\u0107","image":{"@type":"ImageObject","inLanguage":"hr","@id":"https:\/\/anarma-adzic-akademija.si\/#\/schema\/person\/image\/","url":"https:\/\/secure.gravatar.com\/avatar\/9699f1fc675dc916d820e5e4bc053ab4c1641831e31179154ca1d73fabd36751?s=96&d=mm&r=g","contentUrl":"https:\/\/secure.gravatar.com\/avatar\/9699f1fc675dc916d820e5e4bc053ab4c1641831e31179154ca1d73fabd36751?s=96&d=mm&r=g","caption":"Anarma Adzic"},"logo":{"@id":"https:\/\/anarma-adzic-akademija.si\/#\/schema\/person\/image\/"}}]}},"_links":{"self":[{"href":"https:\/\/anarma-adzic-akademija.si\/hr\/wp-json\/wp\/v2\/pages\/2038","targetHints":{"allow":["GET"]}}],"collection":[{"href":"https:\/\/anarma-adzic-akademija.si\/hr\/wp-json\/wp\/v2\/pages"}],"about":[{"href":"https:\/\/anarma-adzic-akademija.si\/hr\/wp-json\/wp\/v2\/types\/page"}],"author":[{"embeddable":true,"href":"https:\/\/anarma-adzic-akademija.si\/hr\/wp-json\/wp\/v2\/users\/1"}],"replies":[{"embeddable":true,"href":"https:\/\/anarma-adzic-akademija.si\/hr\/wp-json\/wp\/v2\/comments?post=2038"}],"version-history":[{"count":0,"href":"https:\/\/anarma-adzic-akademija.si\/hr\/wp-json\/wp\/v2\/pages\/2038\/revisions"}],"wp:featuredmedia":[{"embeddable":true,"href":"https:\/\/anarma-adzic-akademija.si\/hr\/wp-json\/wp\/v2\/media\/5502"}],"wp:attachment":[{"href":"https:\/\/anarma-adzic-akademija.si\/hr\/wp-json\/wp\/v2\/media?parent=2038"}],"curies":[{"name":"radni list","href":"https:\/\/api.w.org\/{rel}","templated":true}]}}