{"id":5962,"date":"2025-06-22T10:33:55","date_gmt":"2025-06-22T10:33:55","guid":{"rendered":"https:\/\/anarma-adzic-akademija.si\/?page_id=5962"},"modified":"2025-06-22T10:34:31","modified_gmt":"2025-06-22T10:34:31","slug":"splosni-pogoji-poslovanja","status":"publish","type":"page","link":"https:\/\/anarma-adzic-akademija.si\/it\/splosni-pogoji-poslovanja\/","title":{"rendered":"Termini e condizioni generali"},"content":{"rendered":"<div class=\"eltdf-row-grid-section-wrapper\"  ><div class=\"eltdf-row-grid-section\"><div class=\"vc_row wpb_row vc_row-fluid vc_custom_1738141608010 vc_row-has-fill vc_row-o-full-height vc_row-o-columns-middle vc_row-flex eltdf-row-appearance\" ><div class=\"wpb_column vc_column_container vc_col-sm-12\"><div class=\"vc_column-inner\"><div class=\"wpb_wrapper\"><div class=\"eltdf-elements-holder   eltdf-one-column  eltdf-responsive-mode-768\" ><div class=\"eltdf-eh-item\"  data-item-class=\"eltdf-eh-custom-1176\" data-1367-1600=\"33px 0% 0px 0%\" data-1025-1366=\"33px 0% 0px 0%\" data-769-1024=\"0px 0% 0px 0%\" data-681-768=\"0px 0% 100px 0%\" data-680=\"0px 0% 0px 0%\">\n\t<div class=\"eltdf-eh-item-inner\">\n\t\t<div class=\"eltdf-eh-item-content eltdf-eh-custom-1176\" style=\"padding: 80px 0% 0px 0%\">\n\t\t\t<div class=\"eltdf-section-title-holder  eltdf-st-standard eltdf-st-title-left\" >\n\t<div class=\"eltdf-st-inner\">\n\t\t\t\t\t\t\t<h2 class=\"eltdf-st-title\" style=\"color: #d1b5a7\">\n\t\t\t\tTermini e condizioni generali\t\t\t<\/h2>\n\t\t\t\t\t<\/div>\n<\/div><div class=\"vc_empty_space\"   style=\"height: 32px\"><span class=\"vc_empty_space_inner\"><\/span><\/div>\n\t<div class=\"wpb_text_column wpb_content_element\" >\n\t\t<div class=\"wpb_wrapper\">\n\t\t\t<div>1. Generale<\/div>\n<div><\/div>\n<div>I presenti Termini e condizioni generali si applicano a tutti gli utenti del sito web di propriet\u00e0 della societ\u00e0 www.anarma-adzic-akademija.si:<\/div>\n<div><\/div>\n<div>Anarma Adzic, s.p.<\/div>\n<div>Servizi di bellezza e formazione per stilisti<\/div>\n<div>Reagentova ulica 2B<\/div>\n<div>6280 Ancarano - Ancarano<\/div>\n<div>Numero di registrazione: 8112142000<\/div>\n<div>Codice fiscale: 41335384<\/div>\n<div>TRR: SI56 3300 0001 3275 120 (Addiko banka)<\/div>\n<div>(imponibile IVA: NO)<\/div>\n<div>E-mail: info@anarma-adzic-akademija.si<\/div>\n<div>Telefono: 070682301<\/div>\n<div><\/div>\n<div>Utilizzando questo sito web, l'utente riconosce di aver letto, compreso e accettato i presenti termini e condizioni.<\/div>\n<div><\/div>\n<div>\u2e3b<\/div>\n<div><\/div>\n<div>2. Descrizione dei servizi<\/div>\n<div><\/div>\n<div>Il sito presenta servizi e formazione nel campo della cosmesi, come ad esempio:<\/div>\n<div>-Estensione delle ciglia,<\/div>\n<div>-Piegaciglia per gli occhi,<\/div>\n<div>-L'incisione delle sopracciglia,<\/div>\n<div>-Trucco permanente,<\/div>\n<div>-Formazione individuale e di gruppo.<\/div>\n<div><\/div>\n<div>Tutte le informazioni sono a scopo informativo e sono soggette a modifiche senza preavviso.<\/div>\n<div><\/div>\n<div>\u2e3b<\/div>\n<div><\/div>\n<div>3. Ordini e pagamenti<\/div>\n<div><\/div>\n<div>Il processo di prenotazione avviene tramite e-mail, modulo di contatto o social media. Una volta confermato l'appuntamento, il cliente riceve tutti i dettagli per il pagamento.<\/div>\n<div><\/div>\n<div>Metodi di pagamento:<\/div>\n<div>-Riferimento TRR,<\/div>\n<div>-Pagamento concordato (in alcuni casi).<\/div>\n<div><\/div>\n<div>L'iscrizione a un corso \u00e8 confermata solo dopo aver ricevuto il pagamento (completo o della prima rata), che riserva anche la data.<\/div>\n<div><\/div>\n<div>\u2e3b<\/div>\n<div><\/div>\n<div>4. Cancellazione, riprogrammazione e rimborso<\/div>\n<div>-Il partecipante pu\u00f2 cancellarsi gratuitamente almeno 14 giorni prima dell'inizio del corso. In questo caso, il partecipante pu\u00f2 optare per il rimborso totale o per il trasferimento dell'iscrizione a un'altra data.<\/div>\n<div>-Se l'annullamento avviene meno di 14 giorni prima dell'inizio del corso, o se il cliente non partecipa al corso senza aver prima disdetto, la quota non \u00e8 rimborsabile, salvo casi di forza maggiore (ad es. malattia confermata, dietro presentazione di un'adeguata prova).<\/div>\n<div>-In caso di forza maggiore da parte del Contraente (ad es. malattia, circostanze impreviste), il Contraente si riserva il diritto di modificare le date. In questo caso, non verr\u00e0 effettuato alcun rimborso e al cliente verr\u00e0 proposta una data alternativa equivalente.<\/div>\n<div><\/div>\n<div>\u2e3b<\/div>\n<div><\/div>\n<div>5. Propriet\u00e0 intellettuale<\/div>\n<div><\/div>\n<div>Tutti i contenuti del sito web (testi, immagini, loghi, materiale didattico) sono protetti da copyright e di propriet\u00e0 di Anarma Ad\u017ei\u0107, s.p.<\/div>\n<div>\u00c8 vietata qualsiasi copia, distribuzione o uso commerciale senza autorizzazione scritta.<\/div>\n<div><\/div>\n<div>\u2e3b<\/div>\n<div><\/div>\n<div>6. Protezione dei dati personali<\/div>\n<div><\/div>\n<div>Anarma Ad\u017ei\u0107, s.p. rispetta la vostra privacy e si attiene alla normativa vigente in materia di protezione dei dati personali (GDPR, ZVOP-2).<\/div>\n<div>-I dati personali forniti dagli utenti al momento della registrazione o della richiesta di informazioni vengono utilizzati esclusivamente per la comunicazione, la fornitura del servizio e la fatturazione.<\/div>\n<div>-I dati non vengono trasmessi a terzi, salvo nei casi previsti dalla legge.<\/div>\n<div>-L'utente ha il diritto di accedere, rettificare o cancellare i propri dati in qualsiasi momento.<\/div>\n<div><\/div>\n<div>\u2e3b<\/div>\n<div><\/div>\n<div>7. Biscotti<\/div>\n<div><\/div>\n<div>Questo sito web utilizza i cookie per migliorare l'esperienza dell'utente. La prima volta che l'utente visita il sito web, ricever\u00e0 una notifica sull'uso dei cookie.<\/div>\n<div>Continuando a utilizzare il sito web, si ritiene che l'utente abbia accettato questo principio.<\/div>\n<div>Ulteriori informazioni saranno pubblicate in un'apposita Informativa sui cookie.<\/div>\n<div><\/div>\n<div>\u2e3b<\/div>\n<div><\/div>\n<div>8. Risoluzione delle controversie<\/div>\n<div><\/div>\n<div>Le Parti si impegnano a risolvere qualsiasi controversia in via amichevole.<\/div>\n<div>Se ci\u00f2 non fosse possibile, il Tribunale distrettuale di Capodistria sar\u00e0 competente per la risoluzione delle controversie.<\/div>\n<div><\/div>\n<div>\u2e3b<\/div>\n<div><\/div>\n<div>9. Modifiche alle Condizioni generali di contratto<\/div>\n<div><\/div>\n<div>Anarma Ad\u017ei\u0107, s.p. si riserva il diritto di modificare le presenti Condizioni Generali senza preavviso.<\/div>\n<div>Le modifiche entrano in vigore dopo la loro pubblicazione sul sito web.<\/div>\n<div><\/div>\n<div>\u2e3b<\/div>\n<div><\/div>\n<div>Ultimo aggiornamento: 22.06.2025<\/div>\n\n\t\t<\/div>\n\t<\/div>\n\t\t<\/div>\n\t<\/div>\n<\/div><\/div><\/div><\/div><\/div><\/div><\/div><\/div>","protected":false},"excerpt":{"rendered":"Splo\u0161ni pogoji poslovanja 1. Splo\u0161no Ti splo\u0161ni pogoji poslovanja veljajo za vse uporabnike spletne strani www.anarma-adzic-akademija.si, ki je v lasti podjetja: Anarma Ad\u017ei\u0107, s.p. Kozmeti\u010dne storitve in izobra\u017eevanja stilistk Reagentova ulica 2B 6280 Ankaran \u2013 Ancarano Mati\u010dna \u0161tevilka: 8112142000 Dav\u010dna \u0161tevilka: 41335384 TRR: SI56 3300 0001 3275 120 (Addiko banka) (zavezanec za DDV: NE) E-po\u0161ta: info@anarma-adzic-akademija.si Telefon: 070682301 Z uporabo te spletne strani uporabnik potrjuje, da je prebral, razumel in se strinja s temi pogoji. \u2e3b 2. Opis storitev Na spletni strani so predstavljene storitve in izobra\u017eevanja s podro\u010dja kozmetike, kot so: \u2022podalj\u0161evanje trepalnic, \u2022vihanje trepalnic, \u2022laminacija obrvi, \u2022permanentni make-up, \u2022individualna in skupinska izobra\u017eevanja. Vse informacije so informativne narave in se lahko spremenijo brez predhodnega obvestila. \u2e3b 3. Naro\u010danje in pla\u010dilo Naro\u010danje poteka preko e-po\u0161te, kontaktnega obrazca ali dru\u017ebenih omre\u017eij. Po potrditvi termina prejme stranka vse podatke za pla\u010dilo. Na\u010dini pla\u010dila: \u2022nakazilo na TRR, \u2022pla\u010dilo po dogovoru (v dolo\u010denih primerih). Prijava na te\u010daj je potrjena \u0161ele po prejemu pla\u010dila (v celoti ali prvega obroka). S tem je rezerviran tudi termin. \u2e3b 4. Odpoved, sprememba termina in vra\u010dilo \u2022Stranka lahko brezpla\u010dno odpove udele\u017ebo najmanj 14 dni pred za\u010detkom te\u010daja. V tem primeru se lahko odlo\u010di za vra\u010dilo celotnega pla\u010dila ali prenos prijave na drug termin. \u2022\u010ce je odpoved podana manj kot 14 dni pred za\u010detkom te\u010daja, ali \u010de se stranka ne udele\u017ei te\u010daja brez predhodne odpovedi, pla\u010dilo ni vra\u010dljivo, razen v primerih vi\u0161je sile (npr. potrjena bolezen, ob predlo\u017eitvi ustreznega dokazila). \u2022V primeru vi\u0161je sile na strani izvajalca (npr. bolezen, nepredvidene okoli\u0161\u010dine), si izvajalka pridr\u017euje pravico do spremembe termina. V tem primeru se pla\u010dilo ne vra\u010da, ampak se stranki ponudi enakovreden nadomestni termin. \u2e3b 5. Intelektualna lastnina Vse vsebine na spletni strani (besedila, slike, logotipi, izobra\u017eevalni materiali) so avtorsko za\u0161\u010ditene in v lasti podjetja Anarma Ad\u017ei\u0107, s.p. Vsako kopiranje, raz\u0161irjanje ali komercialna uporaba brez pisnega dovoljenja je prepovedana. \u2e3b 6. Varstvo osebnih podatkov Podjetje Anarma Ad\u017ei\u0107, s.p. spo\u0161tuje va\u0161o zasebnost in ravna v skladu z veljavno zakonodajo o varstvu osebnih podatkov (GDPR, ZVOP-2). \u2022Osebni podatki, ki jih uporabniki posredujejo ob prijavi ali povpra\u0161evanju, se uporabljajo izklju\u010dno za komunikacijo, izvedbo storitev in izdajo ra\u010dunov. \u2022Podatki se ne posredujejo tretjim osebam, razen kadar to zahteva zakon. \u2022Uporabnik ima pravico do vpogleda, popravka ali izbrisa svojih podatkov kadarkoli. \u2e3b 7. Pi\u0161kotki Spletna stran uporablja pi\u0161kotke za izbolj\u0161anje uporabni\u0161ke izku\u0161nje. Ob prvem obisku uporabnik prejme obvestilo o uporabi pi\u0161kotkov. Z nadaljnjo uporabo spletne strani se [...]","protected":false},"author":1,"featured_media":5875,"parent":0,"menu_order":0,"comment_status":"closed","ping_status":"closed","template":"full-width.php","meta":{"footnotes":""},"class_list":["post-5962","page","type-page","status-publish","has-post-thumbnail","hentry"],"yoast_head":"<!-- This site is optimized with the Yoast SEO plugin v24.3 - https:\/\/yoast.com\/wordpress\/plugins\/seo\/ -->\n<title>Splo\u0161ni pogoji - Akademija Anarma Ad\u017ei\u0107<\/title>\n<meta name=\"robots\" content=\"index, follow, max-snippet:-1, max-image-preview:large, max-video-preview:-1\" \/>\n<link rel=\"canonical\" href=\"https:\/\/anarma-adzic-akademija.si\/it\/splosni-pogoji-poslovanja\/\" \/>\n<meta property=\"og:locale\" content=\"it_IT\" \/>\n<meta property=\"og:type\" content=\"article\" \/>\n<meta property=\"og:title\" content=\"Splo\u0161ni pogoji - Akademija Anarma Ad\u017ei\u0107\" \/>\n<meta property=\"og:url\" content=\"https:\/\/anarma-adzic-akademija.si\/it\/splosni-pogoji-poslovanja\/\" \/>\n<meta property=\"og:site_name\" content=\"Akademija Anarma Ad\u017ei\u0107\" \/>\n<meta property=\"article:modified_time\" content=\"2025-06-22T10:34:31+00:00\" \/>\n<meta property=\"og:image\" content=\"https:\/\/anarma-adzic-akademija.si\/wpaa\/wp-content\/uploads\/2025\/01\/vanifoto-943-Edit-scaled.jpg\" \/>\n\t<meta property=\"og:image:width\" content=\"1707\" \/>\n\t<meta property=\"og:image:height\" content=\"2560\" \/>\n\t<meta property=\"og:image:type\" content=\"image\/jpeg\" \/>\n<meta name=\"twitter:card\" content=\"summary_large_image\" \/>\n<meta name=\"twitter:label1\" content=\"Tempo di lettura stimato\" \/>\n\t<meta name=\"twitter:data1\" content=\"4 minuti\" \/>\n<script type=\"application\/ld+json\" class=\"yoast-schema-graph\">{\"@context\":\"https:\/\/schema.org\",\"@graph\":[{\"@type\":\"WebPage\",\"@id\":\"https:\/\/anarma-adzic-akademija.si\/splosni-pogoji-poslovanja\/\",\"url\":\"https:\/\/anarma-adzic-akademija.si\/splosni-pogoji-poslovanja\/\",\"name\":\"Splo\u0161ni pogoji - Akademija Anarma Ad\u017ei\u0107\",\"isPartOf\":{\"@id\":\"https:\/\/anarma-adzic-akademija.si\/#website\"},\"primaryImageOfPage\":{\"@id\":\"https:\/\/anarma-adzic-akademija.si\/splosni-pogoji-poslovanja\/#primaryimage\"},\"image\":{\"@id\":\"https:\/\/anarma-adzic-akademija.si\/splosni-pogoji-poslovanja\/#primaryimage\"},\"thumbnailUrl\":\"https:\/\/anarma-adzic-akademija.si\/wpaa\/wp-content\/uploads\/2025\/01\/vanifoto-943-Edit-scaled.jpg\",\"datePublished\":\"2025-06-22T10:33:55+00:00\",\"dateModified\":\"2025-06-22T10:34:31+00:00\",\"breadcrumb\":{\"@id\":\"https:\/\/anarma-adzic-akademija.si\/splosni-pogoji-poslovanja\/#breadcrumb\"},\"inLanguage\":\"it-IT\",\"potentialAction\":[{\"@type\":\"ReadAction\",\"target\":[\"https:\/\/anarma-adzic-akademija.si\/splosni-pogoji-poslovanja\/\"]}]},{\"@type\":\"ImageObject\",\"inLanguage\":\"it-IT\",\"@id\":\"https:\/\/anarma-adzic-akademija.si\/splosni-pogoji-poslovanja\/#primaryimage\",\"url\":\"https:\/\/anarma-adzic-akademija.si\/wpaa\/wp-content\/uploads\/2025\/01\/vanifoto-943-Edit-scaled.jpg\",\"contentUrl\":\"https:\/\/anarma-adzic-akademija.si\/wpaa\/wp-content\/uploads\/2025\/01\/vanifoto-943-Edit-scaled.jpg\",\"width\":1707,\"height\":2560},{\"@type\":\"BreadcrumbList\",\"@id\":\"https:\/\/anarma-adzic-akademija.si\/splosni-pogoji-poslovanja\/#breadcrumb\",\"itemListElement\":[{\"@type\":\"ListItem\",\"position\":1,\"name\":\"Home\",\"item\":\"https:\/\/anarma-adzic-akademija.si\/\"},{\"@type\":\"ListItem\",\"position\":2,\"name\":\"Splo\u0161ni pogoji\"}]},{\"@type\":\"WebSite\",\"@id\":\"https:\/\/anarma-adzic-akademija.si\/#website\",\"url\":\"https:\/\/anarma-adzic-akademija.si\/\",\"name\":\"Akademija Anarma Ad\u017ei\u0107\",\"description\":\"Podalj\u0161evanje trepalnic\",\"publisher\":{\"@id\":\"https:\/\/anarma-adzic-akademija.si\/#\/schema\/person\/8f17e81eca7fa443d53a1dee1c2d45de\"},\"potentialAction\":[{\"@type\":\"SearchAction\",\"target\":{\"@type\":\"EntryPoint\",\"urlTemplate\":\"https:\/\/anarma-adzic-akademija.si\/?s={search_term_string}\"},\"query-input\":{\"@type\":\"PropertyValueSpecification\",\"valueRequired\":true,\"valueName\":\"search_term_string\"}}],\"inLanguage\":\"it-IT\"},{\"@type\":[\"Person\",\"Organization\"],\"@id\":\"https:\/\/anarma-adzic-akademija.si\/#\/schema\/person\/8f17e81eca7fa443d53a1dee1c2d45de\",\"name\":\"Anarma Adzic\",\"image\":{\"@type\":\"ImageObject\",\"inLanguage\":\"it-IT\",\"@id\":\"https:\/\/anarma-adzic-akademija.si\/#\/schema\/person\/image\/\",\"url\":\"https:\/\/secure.gravatar.com\/avatar\/9699f1fc675dc916d820e5e4bc053ab4c1641831e31179154ca1d73fabd36751?s=96&d=mm&r=g\",\"contentUrl\":\"https:\/\/secure.gravatar.com\/avatar\/9699f1fc675dc916d820e5e4bc053ab4c1641831e31179154ca1d73fabd36751?s=96&d=mm&r=g\",\"caption\":\"Anarma Adzic\"},\"logo\":{\"@id\":\"https:\/\/anarma-adzic-akademija.si\/#\/schema\/person\/image\/\"}}]}<\/script>\n<!-- \/ Yoast SEO plugin. -->","yoast_head_json":{"title":"Splo\u0161ni pogoji - Akademija Anarma Ad\u017ei\u0107","robots":{"index":"index","follow":"follow","max-snippet":"max-snippet:-1","max-image-preview":"max-image-preview:large","max-video-preview":"max-video-preview:-1"},"canonical":"https:\/\/anarma-adzic-akademija.si\/it\/splosni-pogoji-poslovanja\/","og_locale":"it_IT","og_type":"article","og_title":"Splo\u0161ni pogoji - Akademija Anarma Ad\u017ei\u0107","og_url":"https:\/\/anarma-adzic-akademija.si\/it\/splosni-pogoji-poslovanja\/","og_site_name":"Akademija Anarma Ad\u017ei\u0107","article_modified_time":"2025-06-22T10:34:31+00:00","og_image":[{"width":1707,"height":2560,"url":"https:\/\/anarma-adzic-akademija.si\/wpaa\/wp-content\/uploads\/2025\/01\/vanifoto-943-Edit-scaled.jpg","type":"image\/jpeg"}],"twitter_card":"summary_large_image","twitter_misc":{"Tempo di lettura stimato":"4 minuti"},"schema":{"@context":"https:\/\/schema.org","@graph":[{"@type":"WebPage","@id":"https:\/\/anarma-adzic-akademija.si\/splosni-pogoji-poslovanja\/","url":"https:\/\/anarma-adzic-akademija.si\/splosni-pogoji-poslovanja\/","name":"Splo\u0161ni pogoji - Akademija Anarma Ad\u017ei\u0107","isPartOf":{"@id":"https:\/\/anarma-adzic-akademija.si\/#website"},"primaryImageOfPage":{"@id":"https:\/\/anarma-adzic-akademija.si\/splosni-pogoji-poslovanja\/#primaryimage"},"image":{"@id":"https:\/\/anarma-adzic-akademija.si\/splosni-pogoji-poslovanja\/#primaryimage"},"thumbnailUrl":"https:\/\/anarma-adzic-akademija.si\/wpaa\/wp-content\/uploads\/2025\/01\/vanifoto-943-Edit-scaled.jpg","datePublished":"2025-06-22T10:33:55+00:00","dateModified":"2025-06-22T10:34:31+00:00","breadcrumb":{"@id":"https:\/\/anarma-adzic-akademija.si\/splosni-pogoji-poslovanja\/#breadcrumb"},"inLanguage":"it-IT","potentialAction":[{"@type":"ReadAction","target":["https:\/\/anarma-adzic-akademija.si\/splosni-pogoji-poslovanja\/"]}]},{"@type":"ImageObject","inLanguage":"it-IT","@id":"https:\/\/anarma-adzic-akademija.si\/splosni-pogoji-poslovanja\/#primaryimage","url":"https:\/\/anarma-adzic-akademija.si\/wpaa\/wp-content\/uploads\/2025\/01\/vanifoto-943-Edit-scaled.jpg","contentUrl":"https:\/\/anarma-adzic-akademija.si\/wpaa\/wp-content\/uploads\/2025\/01\/vanifoto-943-Edit-scaled.jpg","width":1707,"height":2560},{"@type":"BreadcrumbList","@id":"https:\/\/anarma-adzic-akademija.si\/splosni-pogoji-poslovanja\/#breadcrumb","itemListElement":[{"@type":"ListItem","position":1,"name":"Home","item":"https:\/\/anarma-adzic-akademija.si\/"},{"@type":"ListItem","position":2,"name":"Splo\u0161ni pogoji"}]},{"@type":"WebSite","@id":"https:\/\/anarma-adzic-akademija.si\/#website","url":"https:\/\/anarma-adzic-akademija.si\/","name":"Accademia Anarma Ad\u017ei\u0107","description":"Estensione delle ciglia","publisher":{"@id":"https:\/\/anarma-adzic-akademija.si\/#\/schema\/person\/8f17e81eca7fa443d53a1dee1c2d45de"},"potentialAction":[{"@type":"SearchAction","target":{"@type":"EntryPoint","urlTemplate":"https:\/\/anarma-adzic-akademija.si\/?s={search_term_string}"},"query-input":{"@type":"PropertyValueSpecification","valueRequired":true,"valueName":"search_term_string"}}],"inLanguage":"it-IT"},{"@type":["Person","Organization"],"@id":"https:\/\/anarma-adzic-akademija.si\/#\/schema\/person\/8f17e81eca7fa443d53a1dee1c2d45de","name":"Anarma Adzic","image":{"@type":"ImageObject","inLanguage":"it-IT","@id":"https:\/\/anarma-adzic-akademija.si\/#\/schema\/person\/image\/","url":"https:\/\/secure.gravatar.com\/avatar\/9699f1fc675dc916d820e5e4bc053ab4c1641831e31179154ca1d73fabd36751?s=96&d=mm&r=g","contentUrl":"https:\/\/secure.gravatar.com\/avatar\/9699f1fc675dc916d820e5e4bc053ab4c1641831e31179154ca1d73fabd36751?s=96&d=mm&r=g","caption":"Anarma Adzic"},"logo":{"@id":"https:\/\/anarma-adzic-akademija.si\/#\/schema\/person\/image\/"}}]}},"_links":{"self":[{"href":"https:\/\/anarma-adzic-akademija.si\/it\/wp-json\/wp\/v2\/pages\/5962","targetHints":{"allow":["GET"]}}],"collection":[{"href":"https:\/\/anarma-adzic-akademija.si\/it\/wp-json\/wp\/v2\/pages"}],"about":[{"href":"https:\/\/anarma-adzic-akademija.si\/it\/wp-json\/wp\/v2\/types\/page"}],"author":[{"embeddable":true,"href":"https:\/\/anarma-adzic-akademija.si\/it\/wp-json\/wp\/v2\/users\/1"}],"replies":[{"embeddable":true,"href":"https:\/\/anarma-adzic-akademija.si\/it\/wp-json\/wp\/v2\/comments?post=5962"}],"version-history":[{"count":0,"href":"https:\/\/anarma-adzic-akademija.si\/it\/wp-json\/wp\/v2\/pages\/5962\/revisions"}],"wp:featuredmedia":[{"embeddable":true,"href":"https:\/\/anarma-adzic-akademija.si\/it\/wp-json\/wp\/v2\/media\/5875"}],"wp:attachment":[{"href":"https:\/\/anarma-adzic-akademija.si\/it\/wp-json\/wp\/v2\/media?parent=5962"}],"curies":[{"name":"wp","href":"https:\/\/api.w.org\/{rel}","templated":true}]}}